{"id":547,"date":"2026-03-17T09:34:47","date_gmt":"2026-03-17T08:34:47","guid":{"rendered":"https:\/\/actionmall.act.at\/shop\/1271\/?post_type=product&#038;p=547"},"modified":"2026-03-17T09:34:47","modified_gmt":"2026-03-17T08:34:47","slug":"gaomon-tablet","status":"publish","type":"product","link":"https:\/\/actionmall.act.at\/shop\/1271\/produkt\/gaomon-tablet\/","title":{"rendered":"Gaomon Tablet"},"content":{"rendered":"<p data-start=\"50\" data-end=\"347\">Das Grafiktablett von <span class=\"hover:entity-accent entity-underline inline cursor-pointer align-baseline\"><span class=\"whitespace-normal\">Gaomon<\/span><\/span> bietet eine pr\u00e4zise und komfortable L\u00f6sung f\u00fcr digitales Zeichnen, Design und Bildbearbeitung. Der drucksensitive Stift erm\u00f6glicht ein nat\u00fcrliches Zeichengef\u00fchl, w\u00e4hrend die integrierten Shortcut-Tasten die Arbeit deutlich erleichtern.<\/p>\n<p data-start=\"349\" data-end=\"527\" data-is-last-node=\"\" data-is-only-node=\"\">Dank der gro\u00dfz\u00fcgigen Arbeitsfl\u00e4che und des schlanken Designs eignet sich das Tablet sowohl f\u00fcr Einsteiger als auch f\u00fcr kreative Anwender, die ihre Ideen digital umsetzen m\u00f6chten.<\/p>\n","protected":false},"excerpt":{"rendered":"<p>Das Grafiktablett von Gaomon bietet eine pr\u00e4zise und komfortable L\u00f6sung f\u00fcr digitales Zeichnen, Design und Bildbearbeitung. Der drucksensitive Stift erm\u00f6glicht ein nat\u00fcrliches Zeichengef\u00fchl, w\u00e4hrend die integrierten Shortcut-Tasten die Arbeit deutlich erleichtern. Dank der gro\u00dfz\u00fcgigen Arbeitsfl\u00e4che und des schlanken Designs eignet sich das Tablet sowohl f\u00fcr Einsteiger als auch f\u00fcr kreative Anwender, die ihre Ideen digital [&hellip;]<\/p>\n","protected":false},"featured_media":548,"template":"","meta":[],"product_cat":[58],"product_tag":[],"class_list":{"0":"post-547","1":"product","2":"type-product","3":"status-publish","4":"has-post-thumbnail","6":"product_cat-it-und-elektronik","8":"first","9":"instock","10":"taxable","11":"shipping-taxable","12":"purchasable","13":"product-type-simple"},"_links":{"self":[{"href":"https:\/\/actionmall.act.at\/shop\/1271\/wp-json\/wp\/v2\/product\/547"}],"collection":[{"href":"https:\/\/actionmall.act.at\/shop\/1271\/wp-json\/wp\/v2\/product"}],"about":[{"href":"https:\/\/actionmall.act.at\/shop\/1271\/wp-json\/wp\/v2\/types\/product"}],"wp:featuredmedia":[{"embeddable":true,"href":"https:\/\/actionmall.act.at\/shop\/1271\/wp-json\/wp\/v2\/media\/548"}],"wp:attachment":[{"href":"https:\/\/actionmall.act.at\/shop\/1271\/wp-json\/wp\/v2\/media?parent=547"}],"wp:term":[{"taxonomy":"product_cat","embeddable":true,"href":"https:\/\/actionmall.act.at\/shop\/1271\/wp-json\/wp\/v2\/product_cat?post=547"},{"taxonomy":"product_tag","embeddable":true,"href":"https:\/\/actionmall.act.at\/shop\/1271\/wp-json\/wp\/v2\/product_tag?post=547"}],"curies":[{"name":"wp","href":"https:\/\/api.w.org\/{rel}","templated":true}]}}