{"id":550,"date":"2026-03-17T09:47:19","date_gmt":"2026-03-17T08:47:19","guid":{"rendered":"https:\/\/actionmall.act.at\/shop\/1271\/?post_type=product&#038;p=550"},"modified":"2026-03-17T09:47:19","modified_gmt":"2026-03-17T08:47:19","slug":"smart-ring-pro","status":"publish","type":"product","link":"https:\/\/actionmall.act.at\/shop\/1271\/produkt\/smart-ring-pro\/","title":{"rendered":"Smart Ring Pro"},"content":{"rendered":"<p data-start=\"92\" data-end=\"278\">Der <strong data-start=\"96\" data-end=\"114\">Smart Ring Pro<\/strong> ist ein moderner Fitness- und Gesundheitsring f\u00fcr den Alltag. Er misst zuverl\u00e4ssig Aktivit\u00e4ten, Schlafverhalten und K\u00f6rperdaten wie Temperatur \u2013 rund um die Uhr.<\/p>\n<p data-start=\"280\" data-end=\"520\" data-is-last-node=\"\" data-is-only-node=\"\">Dank seiner kompakten Bauweise ist er besonders angenehm zu tragen und l\u00e4sst sich bequem mit dem Smartphone verbinden, um alle Daten \u00fcbersichtlich auszuwerten. Ideal f\u00fcr alle, die ihre Gesundheit und Fitness smart im Blick behalten m\u00f6chten.<\/p>\n","protected":false},"excerpt":{"rendered":"<p>Der Smart Ring Pro ist ein moderner Fitness- und Gesundheitsring f\u00fcr den Alltag. Er misst zuverl\u00e4ssig Aktivit\u00e4ten, Schlafverhalten und K\u00f6rperdaten wie Temperatur \u2013 rund um die Uhr. Dank seiner kompakten Bauweise ist er besonders angenehm zu tragen und l\u00e4sst sich bequem mit dem Smartphone verbinden, um alle Daten \u00fcbersichtlich auszuwerten. Ideal f\u00fcr alle, die ihre [&hellip;]<\/p>\n","protected":false},"featured_media":551,"template":"","meta":[],"product_cat":[58],"product_tag":[],"class_list":{"0":"post-550","1":"product","2":"type-product","3":"status-publish","4":"has-post-thumbnail","6":"product_cat-it-und-elektronik","8":"first","9":"instock","10":"taxable","11":"shipping-taxable","12":"purchasable","13":"product-type-simple"},"_links":{"self":[{"href":"https:\/\/actionmall.act.at\/shop\/1271\/wp-json\/wp\/v2\/product\/550"}],"collection":[{"href":"https:\/\/actionmall.act.at\/shop\/1271\/wp-json\/wp\/v2\/product"}],"about":[{"href":"https:\/\/actionmall.act.at\/shop\/1271\/wp-json\/wp\/v2\/types\/product"}],"wp:featuredmedia":[{"embeddable":true,"href":"https:\/\/actionmall.act.at\/shop\/1271\/wp-json\/wp\/v2\/media\/551"}],"wp:attachment":[{"href":"https:\/\/actionmall.act.at\/shop\/1271\/wp-json\/wp\/v2\/media?parent=550"}],"wp:term":[{"taxonomy":"product_cat","embeddable":true,"href":"https:\/\/actionmall.act.at\/shop\/1271\/wp-json\/wp\/v2\/product_cat?post=550"},{"taxonomy":"product_tag","embeddable":true,"href":"https:\/\/actionmall.act.at\/shop\/1271\/wp-json\/wp\/v2\/product_tag?post=550"}],"curies":[{"name":"wp","href":"https:\/\/api.w.org\/{rel}","templated":true}]}}