{"id":552,"date":"2026-03-17T09:50:49","date_gmt":"2026-03-17T08:50:49","guid":{"rendered":"https:\/\/actionmall.act.at\/shop\/1271\/?post_type=product&#038;p=552"},"modified":"2026-03-17T09:50:49","modified_gmt":"2026-03-17T08:50:49","slug":"sbs-07355-kabelloses-induktionsladegeraet","status":"publish","type":"product","link":"https:\/\/actionmall.act.at\/shop\/1271\/produkt\/sbs-07355-kabelloses-induktionsladegeraet\/","title":{"rendered":"SBS 07355 kabelloses Induktionsladeger\u00e4t"},"content":{"rendered":"<p data-start=\"107\" data-end=\"309\">Das kabellose Induktionsladeger\u00e4t erm\u00f6glicht ein bequemes und schnelles Aufladen kompatibler Ger\u00e4te ohne Kabel. Einfach das Smartphone auf die Ladefl\u00e4che legen und der Ladevorgang startet automatisch.<\/p>\n<p data-start=\"311\" data-end=\"433\" data-is-last-node=\"\" data-is-only-node=\"\">Das schlanke, moderne Design mit LED-Anzeige macht es zu einer praktischen und stilvollen Erg\u00e4nzung f\u00fcr Zuhause oder B\u00fcro.<\/p>\n","protected":false},"excerpt":{"rendered":"<p>Das kabellose Induktionsladeger\u00e4t erm\u00f6glicht ein bequemes und schnelles Aufladen kompatibler Ger\u00e4te ohne Kabel. Einfach das Smartphone auf die Ladefl\u00e4che legen und der Ladevorgang startet automatisch. Das schlanke, moderne Design mit LED-Anzeige macht es zu einer praktischen und stilvollen Erg\u00e4nzung f\u00fcr Zuhause oder B\u00fcro.<\/p>\n","protected":false},"featured_media":553,"template":"","meta":[],"product_cat":[58],"product_tag":[],"class_list":{"0":"post-552","1":"product","2":"type-product","3":"status-publish","4":"has-post-thumbnail","6":"product_cat-it-und-elektronik","8":"first","9":"instock","10":"taxable","11":"shipping-taxable","12":"purchasable","13":"product-type-simple"},"_links":{"self":[{"href":"https:\/\/actionmall.act.at\/shop\/1271\/wp-json\/wp\/v2\/product\/552"}],"collection":[{"href":"https:\/\/actionmall.act.at\/shop\/1271\/wp-json\/wp\/v2\/product"}],"about":[{"href":"https:\/\/actionmall.act.at\/shop\/1271\/wp-json\/wp\/v2\/types\/product"}],"wp:featuredmedia":[{"embeddable":true,"href":"https:\/\/actionmall.act.at\/shop\/1271\/wp-json\/wp\/v2\/media\/553"}],"wp:attachment":[{"href":"https:\/\/actionmall.act.at\/shop\/1271\/wp-json\/wp\/v2\/media?parent=552"}],"wp:term":[{"taxonomy":"product_cat","embeddable":true,"href":"https:\/\/actionmall.act.at\/shop\/1271\/wp-json\/wp\/v2\/product_cat?post=552"},{"taxonomy":"product_tag","embeddable":true,"href":"https:\/\/actionmall.act.at\/shop\/1271\/wp-json\/wp\/v2\/product_tag?post=552"}],"curies":[{"name":"wp","href":"https:\/\/api.w.org\/{rel}","templated":true}]}}