{"id":360,"date":"2026-04-14T10:04:59","date_gmt":"2026-04-14T08:04:59","guid":{"rendered":"https:\/\/actionmall.act.at\/shop\/1274\/?post_type=product&#038;p=360"},"modified":"2026-04-14T10:05:55","modified_gmt":"2026-04-14T08:05:55","slug":"fl006-miteinander-reden-kommunikationspsychologie-fuer-fuehrungskraefte","status":"publish","type":"product","link":"https:\/\/actionmall.act.at\/shop\/1274\/en\/produkt\/fl006-miteinander-reden-kommunikationspsychologie-fuer-fuehrungskraefte\/","title":{"rendered":"FL006 Miteinander reden: Kommunikationspsychologie f\u00fcr F\u00fchrungskr\u00e4fte"},"content":{"rendered":"<p><span class=\"TextRun SCXW27594121 BCX8\" lang=\"DE-DE\" xml:lang=\"DE-DE\" data-contrast=\"auto\"><span class=\"NormalTextRun SCXW27594121 BCX8\">Kommunikation ist f\u00fcr F\u00fchrungskr\u00e4fte entscheidend. Weder Fachkompetenz noch Position verhindern automatisch Missverst\u00e4ndnisse oder Konflikte. Das Handbuch unterst\u00fctzt F\u00fchrungskr\u00e4fte dabei, ihr Kommunikationsverhalten zu reflektieren und Gespr\u00e4ch klar, konstruktiv und wirkungsvoll zu f\u00fchren.<\/span><\/span><\/p>\n","protected":false},"excerpt":{"rendered":"<p>Kommunikation ist f\u00fcr F\u00fchrungskr\u00e4fte entscheidend. Weder Fachkompetenz noch Position verhindern automatisch Missverst\u00e4ndnisse oder Konflikte. Das Handbuch unterst\u00fctzt F\u00fchrungskr\u00e4fte dabei, ihr Kommunikationsverhalten zu reflektieren und Gespr\u00e4ch klar, konstruktiv und wirkungsvoll zu f\u00fchren.<\/p>\n","protected":false},"featured_media":361,"template":"","meta":[],"product_cat":[43],"product_tag":[],"class_list":{"0":"post-360","1":"product","2":"type-product","3":"status-publish","4":"has-post-thumbnail","6":"product_cat-unterhaltung-freizeit-und-kultur","8":"first","9":"instock","10":"taxable","11":"shipping-taxable","12":"purchasable","13":"product-type-simple"},"_links":{"self":[{"href":"https:\/\/actionmall.act.at\/shop\/1274\/en\/wp-json\/wp\/v2\/product\/360"}],"collection":[{"href":"https:\/\/actionmall.act.at\/shop\/1274\/en\/wp-json\/wp\/v2\/product"}],"about":[{"href":"https:\/\/actionmall.act.at\/shop\/1274\/en\/wp-json\/wp\/v2\/types\/product"}],"wp:featuredmedia":[{"embeddable":true,"href":"https:\/\/actionmall.act.at\/shop\/1274\/en\/wp-json\/wp\/v2\/media\/361"}],"wp:attachment":[{"href":"https:\/\/actionmall.act.at\/shop\/1274\/en\/wp-json\/wp\/v2\/media?parent=360"}],"wp:term":[{"taxonomy":"product_cat","embeddable":true,"href":"https:\/\/actionmall.act.at\/shop\/1274\/en\/wp-json\/wp\/v2\/product_cat?post=360"},{"taxonomy":"product_tag","embeddable":true,"href":"https:\/\/actionmall.act.at\/shop\/1274\/en\/wp-json\/wp\/v2\/product_tag?post=360"}],"curies":[{"name":"wp","href":"https:\/\/api.w.org\/{rel}","templated":true}]}}