{"id":259,"date":"2025-01-28T10:35:30","date_gmt":"2025-01-28T09:35:30","guid":{"rendered":"https:\/\/actionmall.act.at\/shop\/1274\/?post_type=product&#038;p=259"},"modified":"2026-04-07T11:29:24","modified_gmt":"2026-04-07T09:29:24","slug":"kl001-die-drei-gefaehrlicher-chat","status":"publish","type":"product","link":"https:\/\/actionmall.act.at\/shop\/1274\/produkt\/kl001-die-drei-gefaehrlicher-chat\/","title":{"rendered":"KL001 Die drei !!! &#8211; Gef\u00e4hrlicher Chat"},"content":{"rendered":"<p>Welche Gefahr kann schon von einem Chat im Internet ausgehen? Franzi jedenfalls findet die Leute, die sich dort \u00fcber Inline-Skating austauschen, sehr nett und witzig. Dann aber geschehen h\u00f6chst merkw\u00fcrdige Dinge \u2013 und die drei !!! m\u00fcssen ihr ganzes detektivisches Wissen anwenden, um diesen kniffligen Fall zu l\u00f6sen \u2026<\/p>\n","protected":false},"excerpt":{"rendered":"<p>Welche Gefahr kann schon von einem Chat im Internet ausgehen? Franzi jedenfalls findet die Leute, die sich dort \u00fcber Inline-Skating austauschen, sehr nett und witzig. Dann aber geschehen h\u00f6chst merkw\u00fcrdige Dinge \u2013 und die drei !!! m\u00fcssen ihr ganzes detektivisches Wissen anwenden, um diesen kniffligen Fall zu l\u00f6sen \u2026<\/p>\n","protected":false},"featured_media":302,"template":"","meta":[],"product_cat":[43],"product_tag":[],"class_list":{"0":"post-259","1":"product","2":"type-product","3":"status-publish","4":"has-post-thumbnail","6":"product_cat-unterhaltung-freizeit-und-kultur","8":"first","9":"instock","10":"taxable","11":"shipping-taxable","12":"purchasable","13":"product-type-simple"},"_links":{"self":[{"href":"https:\/\/actionmall.act.at\/shop\/1274\/wp-json\/wp\/v2\/product\/259"}],"collection":[{"href":"https:\/\/actionmall.act.at\/shop\/1274\/wp-json\/wp\/v2\/product"}],"about":[{"href":"https:\/\/actionmall.act.at\/shop\/1274\/wp-json\/wp\/v2\/types\/product"}],"wp:featuredmedia":[{"embeddable":true,"href":"https:\/\/actionmall.act.at\/shop\/1274\/wp-json\/wp\/v2\/media\/302"}],"wp:attachment":[{"href":"https:\/\/actionmall.act.at\/shop\/1274\/wp-json\/wp\/v2\/media?parent=259"}],"wp:term":[{"taxonomy":"product_cat","embeddable":true,"href":"https:\/\/actionmall.act.at\/shop\/1274\/wp-json\/wp\/v2\/product_cat?post=259"},{"taxonomy":"product_tag","embeddable":true,"href":"https:\/\/actionmall.act.at\/shop\/1274\/wp-json\/wp\/v2\/product_tag?post=259"}],"curies":[{"name":"wp","href":"https:\/\/api.w.org\/{rel}","templated":true}]}}