{"id":262,"date":"2025-01-28T10:41:05","date_gmt":"2025-01-28T09:41:05","guid":{"rendered":"https:\/\/actionmall.act.at\/shop\/1274\/?post_type=product&#038;p=262"},"modified":"2025-03-18T08:52:59","modified_gmt":"2025-03-18T07:52:59","slug":"kl004-das-magische-baumhaus-das-verborgene-reich-der-inka","status":"publish","type":"product","link":"https:\/\/actionmall.act.at\/shop\/1274\/produkt\/kl004-das-magische-baumhaus-das-verborgene-reich-der-inka\/","title":{"rendered":"KL004 Das magische Baumhaus &#8211; Das verborgene Reich der Inka"},"content":{"rendered":"<p>Majest\u00e4tische Gipfel, zerkl\u00fcftete Bergh\u00e4nge und eine geheime Stadt \u2026 Anne und Philipp reisen mit dem magischen Baumhaus nach Peru, in die sagenumwobenen Anden. Als dort ein Baby-Lama gestohlen wird, ist ihnen sofort klar, dass sie es retten m\u00fcssen! Die Suche nach dem kleinen Lama f\u00fchrt sie \u00fcber gef\u00e4hrliche H\u00e4ngebr\u00fccken und steile P\u00e4sse in die geheimnisvolle antike Inka-Stadt Machu Picchu. Ob ihnen die r\u00e4tselhafte Lama-Legende helfen kann, das Tier sicher zur\u00fcck nach Hause zu bringen?<\/p>\n","protected":false},"excerpt":{"rendered":"<p>Majest\u00e4tische Gipfel, zerkl\u00fcftete Bergh\u00e4nge und eine geheime Stadt \u2026 Anne und Philipp reisen mit dem magischen Baumhaus nach Peru, in die sagenumwobenen Anden. Als dort ein Baby-Lama gestohlen wird, ist ihnen sofort klar, dass sie es retten m\u00fcssen! Die Suche nach dem kleinen Lama f\u00fchrt sie \u00fcber gef\u00e4hrliche H\u00e4ngebr\u00fccken und steile P\u00e4sse in die geheimnisvolle [&hellip;]<\/p>\n","protected":false},"featured_media":308,"template":"","meta":[],"product_cat":[],"product_tag":[],"class_list":{"0":"post-262","1":"product","2":"type-product","3":"status-publish","4":"has-post-thumbnail","7":"first","8":"instock","9":"taxable","10":"shipping-taxable","11":"purchasable","12":"product-type-simple"},"_links":{"self":[{"href":"https:\/\/actionmall.act.at\/shop\/1274\/wp-json\/wp\/v2\/product\/262"}],"collection":[{"href":"https:\/\/actionmall.act.at\/shop\/1274\/wp-json\/wp\/v2\/product"}],"about":[{"href":"https:\/\/actionmall.act.at\/shop\/1274\/wp-json\/wp\/v2\/types\/product"}],"wp:featuredmedia":[{"embeddable":true,"href":"https:\/\/actionmall.act.at\/shop\/1274\/wp-json\/wp\/v2\/media\/308"}],"wp:attachment":[{"href":"https:\/\/actionmall.act.at\/shop\/1274\/wp-json\/wp\/v2\/media?parent=262"}],"wp:term":[{"taxonomy":"product_cat","embeddable":true,"href":"https:\/\/actionmall.act.at\/shop\/1274\/wp-json\/wp\/v2\/product_cat?post=262"},{"taxonomy":"product_tag","embeddable":true,"href":"https:\/\/actionmall.act.at\/shop\/1274\/wp-json\/wp\/v2\/product_tag?post=262"}],"curies":[{"name":"wp","href":"https:\/\/api.w.org\/{rel}","templated":true}]}}