{"id":263,"date":"2025-01-28T10:43:14","date_gmt":"2025-01-28T09:43:14","guid":{"rendered":"https:\/\/actionmall.act.at\/shop\/1274\/?post_type=product&#038;p=263"},"modified":"2025-03-18T08:57:00","modified_gmt":"2025-03-18T07:57:00","slug":"kl005-die-drei-kids-team-bundeslige","status":"publish","type":"product","link":"https:\/\/actionmall.act.at\/shop\/1274\/produkt\/kl005-die-drei-kids-team-bundeslige\/","title":{"rendered":"KL005 Die drei ??? Kids &#8211; Team Bundeslige"},"content":{"rendered":"<p>Die drei ??? Kids sind im Fu\u00dfballfieber! Denn sie d\u00fcrfen am Fu\u00dfballferiencamp der Kids-Club in Deutschland teilnehmen. Doch im Camp treibt jemand ein \u00fcbles Spiel. Die Fu\u00dfballschuhe verschwinden auf unerkl\u00e4rliche Weise und beim Slalomlauf mit dem Ball verliert Justus den \u00dcberblick. Schaffen es Justus, Peter und Bob gemeinsam mit ihren Mitspielern, dem \u00dcbelt\u00e4ter auf die Spur zu kommen?<\/p>\n","protected":false},"excerpt":{"rendered":"<p>Die drei ??? Kids sind im Fu\u00dfballfieber! Denn sie d\u00fcrfen am Fu\u00dfballferiencamp der Kids-Club in Deutschland teilnehmen. Doch im Camp treibt jemand ein \u00fcbles Spiel. Die Fu\u00dfballschuhe verschwinden auf unerkl\u00e4rliche Weise und beim Slalomlauf mit dem Ball verliert Justus den \u00dcberblick. Schaffen es Justus, Peter und Bob gemeinsam mit ihren Mitspielern, dem \u00dcbelt\u00e4ter auf die [&hellip;]<\/p>\n","protected":false},"featured_media":307,"template":"","meta":[],"product_cat":[],"product_tag":[],"class_list":{"0":"post-263","1":"product","2":"type-product","3":"status-publish","4":"has-post-thumbnail","7":"first","8":"instock","9":"taxable","10":"shipping-taxable","11":"purchasable","12":"product-type-simple"},"_links":{"self":[{"href":"https:\/\/actionmall.act.at\/shop\/1274\/wp-json\/wp\/v2\/product\/263"}],"collection":[{"href":"https:\/\/actionmall.act.at\/shop\/1274\/wp-json\/wp\/v2\/product"}],"about":[{"href":"https:\/\/actionmall.act.at\/shop\/1274\/wp-json\/wp\/v2\/types\/product"}],"wp:featuredmedia":[{"embeddable":true,"href":"https:\/\/actionmall.act.at\/shop\/1274\/wp-json\/wp\/v2\/media\/307"}],"wp:attachment":[{"href":"https:\/\/actionmall.act.at\/shop\/1274\/wp-json\/wp\/v2\/media?parent=263"}],"wp:term":[{"taxonomy":"product_cat","embeddable":true,"href":"https:\/\/actionmall.act.at\/shop\/1274\/wp-json\/wp\/v2\/product_cat?post=263"},{"taxonomy":"product_tag","embeddable":true,"href":"https:\/\/actionmall.act.at\/shop\/1274\/wp-json\/wp\/v2\/product_tag?post=263"}],"curies":[{"name":"wp","href":"https:\/\/api.w.org\/{rel}","templated":true}]}}