{"id":264,"date":"2025-01-28T10:44:47","date_gmt":"2025-01-28T09:44:47","guid":{"rendered":"https:\/\/actionmall.act.at\/shop\/1274\/?post_type=product&#038;p=264"},"modified":"2025-03-18T08:54:48","modified_gmt":"2025-03-18T07:54:48","slug":"kl006-die-drei-kids-gefahr-im-spiegelkabinett","status":"publish","type":"product","link":"https:\/\/actionmall.act.at\/shop\/1274\/produkt\/kl006-die-drei-kids-gefahr-im-spiegelkabinett\/","title":{"rendered":"KL006 Die drei ??? Kids &#8211; Gefahr im Spiegelkabinett"},"content":{"rendered":"<p>Onkel Titus kauft ein altes Spiegelbrett. Bei genauerer Inspektion h\u00f6ren die drei ??? Kids pl\u00f6tzlich unheimliche r\u00e4tselhafte Ges\u00e4nge. Vielleicht kann der ber\u00fchmte R\u00e4tselerfinder Mr. Think helfen? Doch als Justus, Peter und Bob in seiner Villa ankommen, fehlt von ihm jede Spur \u2026<\/p>\n","protected":false},"excerpt":{"rendered":"<p>Onkel Titus kauft ein altes Spiegelbrett. Bei genauerer Inspektion h\u00f6ren die drei ??? Kids pl\u00f6tzlich unheimliche r\u00e4tselhafte Ges\u00e4nge. Vielleicht kann der ber\u00fchmte R\u00e4tselerfinder Mr. Think helfen? Doch als Justus, Peter und Bob in seiner Villa ankommen, fehlt von ihm jede Spur \u2026<\/p>\n","protected":false},"featured_media":306,"template":"","meta":[],"product_cat":[],"product_tag":[],"class_list":{"0":"post-264","1":"product","2":"type-product","3":"status-publish","4":"has-post-thumbnail","7":"first","8":"instock","9":"taxable","10":"shipping-taxable","11":"purchasable","12":"product-type-simple"},"_links":{"self":[{"href":"https:\/\/actionmall.act.at\/shop\/1274\/wp-json\/wp\/v2\/product\/264"}],"collection":[{"href":"https:\/\/actionmall.act.at\/shop\/1274\/wp-json\/wp\/v2\/product"}],"about":[{"href":"https:\/\/actionmall.act.at\/shop\/1274\/wp-json\/wp\/v2\/types\/product"}],"wp:featuredmedia":[{"embeddable":true,"href":"https:\/\/actionmall.act.at\/shop\/1274\/wp-json\/wp\/v2\/media\/306"}],"wp:attachment":[{"href":"https:\/\/actionmall.act.at\/shop\/1274\/wp-json\/wp\/v2\/media?parent=264"}],"wp:term":[{"taxonomy":"product_cat","embeddable":true,"href":"https:\/\/actionmall.act.at\/shop\/1274\/wp-json\/wp\/v2\/product_cat?post=264"},{"taxonomy":"product_tag","embeddable":true,"href":"https:\/\/actionmall.act.at\/shop\/1274\/wp-json\/wp\/v2\/product_tag?post=264"}],"curies":[{"name":"wp","href":"https:\/\/api.w.org\/{rel}","templated":true}]}}