{"id":265,"date":"2025-01-28T10:47:27","date_gmt":"2025-01-28T09:47:27","guid":{"rendered":"https:\/\/actionmall.act.at\/shop\/1274\/?post_type=product&#038;p=265"},"modified":"2025-03-18T08:55:25","modified_gmt":"2025-03-18T07:55:25","slug":"kl007-die-drei-kids-flug-ins-nichts","status":"publish","type":"product","link":"https:\/\/actionmall.act.at\/shop\/1274\/produkt\/kl007-die-drei-kids-flug-ins-nichts\/","title":{"rendered":"KL007 Die drei ??? Kids &#8211; Flug ins Nichts"},"content":{"rendered":"<p>Zum Stadtfest freuen sich Justus. Peter und Bob \u00fcber eine spektakul\u00e4re Attraktion. Auf dem Marktplatz steht ein Windkanal f\u00fcr Bodyflying. Aber schon beim ersten Testflug geht einiges schief. Ein neuer Fall f\u00fcr die drei ??? Kids.<\/p>\n","protected":false},"excerpt":{"rendered":"<p>Zum Stadtfest freuen sich Justus. Peter und Bob \u00fcber eine spektakul\u00e4re Attraktion. Auf dem Marktplatz steht ein Windkanal f\u00fcr Bodyflying. Aber schon beim ersten Testflug geht einiges schief. Ein neuer Fall f\u00fcr die drei ??? Kids.<\/p>\n","protected":false},"featured_media":305,"template":"","meta":[],"product_cat":[],"product_tag":[],"class_list":{"0":"post-265","1":"product","2":"type-product","3":"status-publish","4":"has-post-thumbnail","7":"first","8":"instock","9":"taxable","10":"shipping-taxable","11":"purchasable","12":"product-type-simple"},"_links":{"self":[{"href":"https:\/\/actionmall.act.at\/shop\/1274\/wp-json\/wp\/v2\/product\/265"}],"collection":[{"href":"https:\/\/actionmall.act.at\/shop\/1274\/wp-json\/wp\/v2\/product"}],"about":[{"href":"https:\/\/actionmall.act.at\/shop\/1274\/wp-json\/wp\/v2\/types\/product"}],"wp:featuredmedia":[{"embeddable":true,"href":"https:\/\/actionmall.act.at\/shop\/1274\/wp-json\/wp\/v2\/media\/305"}],"wp:attachment":[{"href":"https:\/\/actionmall.act.at\/shop\/1274\/wp-json\/wp\/v2\/media?parent=265"}],"wp:term":[{"taxonomy":"product_cat","embeddable":true,"href":"https:\/\/actionmall.act.at\/shop\/1274\/wp-json\/wp\/v2\/product_cat?post=265"},{"taxonomy":"product_tag","embeddable":true,"href":"https:\/\/actionmall.act.at\/shop\/1274\/wp-json\/wp\/v2\/product_tag?post=265"}],"curies":[{"name":"wp","href":"https:\/\/api.w.org\/{rel}","templated":true}]}}