{"id":267,"date":"2025-01-28T10:51:26","date_gmt":"2025-01-28T09:51:26","guid":{"rendered":"https:\/\/actionmall.act.at\/shop\/1274\/?post_type=product&#038;p=267"},"modified":"2025-03-18T08:58:08","modified_gmt":"2025-03-18T07:58:08","slug":"kl009-die-drei-kids-das-gruselschloss","status":"publish","type":"product","link":"https:\/\/actionmall.act.at\/shop\/1274\/produkt\/kl009-die-drei-kids-das-gruselschloss\/","title":{"rendered":"KL009 Die drei ??? Kids &#8211; Das Gruselschloss"},"content":{"rendered":"<p>Justus, Peter und Bob begleiten Mr. Shaw zum Filmset in ein altes Schloss. Ein neuer Gruselfilm soll gedreht werden, doch bei den Aufnahmen geht es drunter und dr\u00fcber. Immer wieder kommt es zu Pannen. K\u00f6nnen Justus, Peter und Bob den \u00dcbelt\u00e4ter entlarven? Hilf den drei ??? Kids beim L\u00f6sen der R\u00e4tsel, die sie dort erwarten.<\/p>\n","protected":false},"excerpt":{"rendered":"<p>Justus, Peter und Bob begleiten Mr. Shaw zum Filmset in ein altes Schloss. Ein neuer Gruselfilm soll gedreht werden, doch bei den Aufnahmen geht es drunter und dr\u00fcber. Immer wieder kommt es zu Pannen. K\u00f6nnen Justus, Peter und Bob den \u00dcbelt\u00e4ter entlarven? Hilf den drei ??? Kids beim L\u00f6sen der R\u00e4tsel, die sie dort erwarten.<\/p>\n","protected":false},"featured_media":303,"template":"","meta":[],"product_cat":[],"product_tag":[],"class_list":{"0":"post-267","1":"product","2":"type-product","3":"status-publish","4":"has-post-thumbnail","7":"first","8":"instock","9":"taxable","10":"shipping-taxable","11":"purchasable","12":"product-type-simple"},"_links":{"self":[{"href":"https:\/\/actionmall.act.at\/shop\/1274\/wp-json\/wp\/v2\/product\/267"}],"collection":[{"href":"https:\/\/actionmall.act.at\/shop\/1274\/wp-json\/wp\/v2\/product"}],"about":[{"href":"https:\/\/actionmall.act.at\/shop\/1274\/wp-json\/wp\/v2\/types\/product"}],"wp:featuredmedia":[{"embeddable":true,"href":"https:\/\/actionmall.act.at\/shop\/1274\/wp-json\/wp\/v2\/media\/303"}],"wp:attachment":[{"href":"https:\/\/actionmall.act.at\/shop\/1274\/wp-json\/wp\/v2\/media?parent=267"}],"wp:term":[{"taxonomy":"product_cat","embeddable":true,"href":"https:\/\/actionmall.act.at\/shop\/1274\/wp-json\/wp\/v2\/product_cat?post=267"},{"taxonomy":"product_tag","embeddable":true,"href":"https:\/\/actionmall.act.at\/shop\/1274\/wp-json\/wp\/v2\/product_tag?post=267"}],"curies":[{"name":"wp","href":"https:\/\/api.w.org\/{rel}","templated":true}]}}