{"id":269,"date":"2025-01-28T10:56:38","date_gmt":"2025-01-28T09:56:38","guid":{"rendered":"https:\/\/actionmall.act.at\/shop\/1274\/?post_type=product&#038;p=269"},"modified":"2026-04-07T11:27:59","modified_gmt":"2026-04-07T09:27:59","slug":"ul002-unter-strom","status":"publish","type":"product","link":"https:\/\/actionmall.act.at\/shop\/1274\/produkt\/ul002-unter-strom\/","title":{"rendered":"UL002 Unter Strom"},"content":{"rendered":"<p>In diesem Buch geht es um ein Dorf, das sich in der N\u00e4he von Wien befindet und seine eigene Energie erzeugen will. Unterdessen k\u00e4mpfen die gro\u00dfen Konzerne um die Macht \u00fcber die internationalen Leitungsnetze.<\/p>\n","protected":false},"excerpt":{"rendered":"<p>In diesem Buch geht es um ein Dorf, das sich in der N\u00e4he von Wien befindet und seine eigene Energie erzeugen will. Unterdessen k\u00e4mpfen die gro\u00dfen Konzerne um die Macht \u00fcber die internationalen Leitungsnetze.<\/p>\n","protected":false},"featured_media":323,"template":"","meta":[],"product_cat":[43],"product_tag":[],"class_list":{"0":"post-269","1":"product","2":"type-product","3":"status-publish","4":"has-post-thumbnail","6":"product_cat-unterhaltung-freizeit-und-kultur","8":"first","9":"instock","10":"taxable","11":"shipping-taxable","12":"purchasable","13":"product-type-simple"},"_links":{"self":[{"href":"https:\/\/actionmall.act.at\/shop\/1274\/wp-json\/wp\/v2\/product\/269"}],"collection":[{"href":"https:\/\/actionmall.act.at\/shop\/1274\/wp-json\/wp\/v2\/product"}],"about":[{"href":"https:\/\/actionmall.act.at\/shop\/1274\/wp-json\/wp\/v2\/types\/product"}],"wp:featuredmedia":[{"embeddable":true,"href":"https:\/\/actionmall.act.at\/shop\/1274\/wp-json\/wp\/v2\/media\/323"}],"wp:attachment":[{"href":"https:\/\/actionmall.act.at\/shop\/1274\/wp-json\/wp\/v2\/media?parent=269"}],"wp:term":[{"taxonomy":"product_cat","embeddable":true,"href":"https:\/\/actionmall.act.at\/shop\/1274\/wp-json\/wp\/v2\/product_cat?post=269"},{"taxonomy":"product_tag","embeddable":true,"href":"https:\/\/actionmall.act.at\/shop\/1274\/wp-json\/wp\/v2\/product_tag?post=269"}],"curies":[{"name":"wp","href":"https:\/\/api.w.org\/{rel}","templated":true}]}}