{"id":272,"date":"2025-01-28T11:01:02","date_gmt":"2025-01-28T10:01:02","guid":{"rendered":"https:\/\/actionmall.act.at\/shop\/1274\/?post_type=product&#038;p=272"},"modified":"2026-04-07T11:25:30","modified_gmt":"2026-04-07T09:25:30","slug":"ul005-im-netz","status":"publish","type":"product","link":"https:\/\/actionmall.act.at\/shop\/1274\/produkt\/ul005-im-netz\/","title":{"rendered":"UL005 Im Netz"},"content":{"rendered":"<p>Eine vietnamesische Restaurantbesitzerin wird mitten auf der Stra\u00dfe erschossen. Es wird \u00fcber Ausl\u00e4nderfehden und Schutzgeld spekuliert. Mira Valensky und Vesna Krajner sind auf der Spur, um die Realit\u00e4t ans Licht zu bringen.<\/p>\n","protected":false},"excerpt":{"rendered":"<p>Eine vietnamesische Restaurantbesitzerin wird mitten auf der Stra\u00dfe erschossen. Es wird \u00fcber Ausl\u00e4nderfehden und Schutzgeld spekuliert. Mira Valensky und Vesna Krajner sind auf der Spur, um die Realit\u00e4t ans Licht zu bringen.<\/p>\n","protected":false},"featured_media":320,"template":"","meta":[],"product_cat":[43],"product_tag":[],"class_list":{"0":"post-272","1":"product","2":"type-product","3":"status-publish","4":"has-post-thumbnail","6":"product_cat-unterhaltung-freizeit-und-kultur","8":"first","9":"instock","10":"taxable","11":"shipping-taxable","12":"purchasable","13":"product-type-simple"},"_links":{"self":[{"href":"https:\/\/actionmall.act.at\/shop\/1274\/wp-json\/wp\/v2\/product\/272"}],"collection":[{"href":"https:\/\/actionmall.act.at\/shop\/1274\/wp-json\/wp\/v2\/product"}],"about":[{"href":"https:\/\/actionmall.act.at\/shop\/1274\/wp-json\/wp\/v2\/types\/product"}],"wp:featuredmedia":[{"embeddable":true,"href":"https:\/\/actionmall.act.at\/shop\/1274\/wp-json\/wp\/v2\/media\/320"}],"wp:attachment":[{"href":"https:\/\/actionmall.act.at\/shop\/1274\/wp-json\/wp\/v2\/media?parent=272"}],"wp:term":[{"taxonomy":"product_cat","embeddable":true,"href":"https:\/\/actionmall.act.at\/shop\/1274\/wp-json\/wp\/v2\/product_cat?post=272"},{"taxonomy":"product_tag","embeddable":true,"href":"https:\/\/actionmall.act.at\/shop\/1274\/wp-json\/wp\/v2\/product_tag?post=272"}],"curies":[{"name":"wp","href":"https:\/\/api.w.org\/{rel}","templated":true}]}}