{"id":276,"date":"2025-01-28T11:09:28","date_gmt":"2025-01-28T10:09:28","guid":{"rendered":"https:\/\/actionmall.act.at\/shop\/1274\/?post_type=product&#038;p=276"},"modified":"2026-04-07T11:22:57","modified_gmt":"2026-04-07T09:22:57","slug":"ul009-sissis-gold","status":"publish","type":"product","link":"https:\/\/actionmall.act.at\/shop\/1274\/produkt\/ul009-sissis-gold\/","title":{"rendered":"UL009 Sissis Gold"},"content":{"rendered":"<p>Ein toter J\u00e4ger im beschaulichen Kaiserdorf Bad Ischl &#8211; eindeutig ein Fall f\u00fcr Inspektor Gustl Brandner. Ermittelt wird dort, wo der Ermordete Heinrich Gr\u00fcn einst herumgepirscht ist: im Wald, auf der Alm und im Ehebett manch braver B\u00fcrgersfrau.<\/p>\n","protected":false},"excerpt":{"rendered":"<p>Ein toter J\u00e4ger im beschaulichen Kaiserdorf Bad Ischl &#8211; eindeutig ein Fall f\u00fcr Inspektor Gustl Brandner. Ermittelt wird dort, wo der Ermordete Heinrich Gr\u00fcn einst herumgepirscht ist: im Wald, auf der Alm und im Ehebett manch braver B\u00fcrgersfrau.<\/p>\n","protected":false},"featured_media":316,"template":"","meta":[],"product_cat":[43],"product_tag":[],"class_list":{"0":"post-276","1":"product","2":"type-product","3":"status-publish","4":"has-post-thumbnail","6":"product_cat-unterhaltung-freizeit-und-kultur","8":"first","9":"instock","10":"taxable","11":"shipping-taxable","12":"purchasable","13":"product-type-simple"},"_links":{"self":[{"href":"https:\/\/actionmall.act.at\/shop\/1274\/wp-json\/wp\/v2\/product\/276"}],"collection":[{"href":"https:\/\/actionmall.act.at\/shop\/1274\/wp-json\/wp\/v2\/product"}],"about":[{"href":"https:\/\/actionmall.act.at\/shop\/1274\/wp-json\/wp\/v2\/types\/product"}],"wp:featuredmedia":[{"embeddable":true,"href":"https:\/\/actionmall.act.at\/shop\/1274\/wp-json\/wp\/v2\/media\/316"}],"wp:attachment":[{"href":"https:\/\/actionmall.act.at\/shop\/1274\/wp-json\/wp\/v2\/media?parent=276"}],"wp:term":[{"taxonomy":"product_cat","embeddable":true,"href":"https:\/\/actionmall.act.at\/shop\/1274\/wp-json\/wp\/v2\/product_cat?post=276"},{"taxonomy":"product_tag","embeddable":true,"href":"https:\/\/actionmall.act.at\/shop\/1274\/wp-json\/wp\/v2\/product_tag?post=276"}],"curies":[{"name":"wp","href":"https:\/\/api.w.org\/{rel}","templated":true}]}}