{"id":277,"date":"2025-01-28T11:10:41","date_gmt":"2025-01-28T10:10:41","guid":{"rendered":"https:\/\/actionmall.act.at\/shop\/1274\/?post_type=product&#038;p=277"},"modified":"2026-04-07T11:22:16","modified_gmt":"2026-04-07T09:22:16","slug":"ul010-maroni-mord-und-halleujah","status":"publish","type":"product","link":"https:\/\/actionmall.act.at\/shop\/1274\/produkt\/ul010-maroni-mord-und-halleujah\/","title":{"rendered":"UL010 Maroni, Mord und Halleujah"},"content":{"rendered":"<p>Weihnachten hat sich Kommissar Merana anders vorgestellt. Dass er mitten auf dem ber\u00fchmten Salzburger Christkindlmarkt pl\u00f6tzlich dem Christkind gegen\u00fcbersteht, passt ja noch ganz gut zur weihnachtlichen Idylle. Aber dann \u2026<\/p>\n","protected":false},"excerpt":{"rendered":"<p>Weihnachten hat sich Kommissar Merana anders vorgestellt. Dass er mitten auf dem ber\u00fchmten Salzburger Christkindlmarkt pl\u00f6tzlich dem Christkind gegen\u00fcbersteht, passt ja noch ganz gut zur weihnachtlichen Idylle. Aber dann \u2026<\/p>\n","protected":false},"featured_media":315,"template":"","meta":[],"product_cat":[43],"product_tag":[],"class_list":{"0":"post-277","1":"product","2":"type-product","3":"status-publish","4":"has-post-thumbnail","6":"product_cat-unterhaltung-freizeit-und-kultur","8":"first","9":"instock","10":"taxable","11":"shipping-taxable","12":"purchasable","13":"product-type-simple"},"_links":{"self":[{"href":"https:\/\/actionmall.act.at\/shop\/1274\/wp-json\/wp\/v2\/product\/277"}],"collection":[{"href":"https:\/\/actionmall.act.at\/shop\/1274\/wp-json\/wp\/v2\/product"}],"about":[{"href":"https:\/\/actionmall.act.at\/shop\/1274\/wp-json\/wp\/v2\/types\/product"}],"wp:featuredmedia":[{"embeddable":true,"href":"https:\/\/actionmall.act.at\/shop\/1274\/wp-json\/wp\/v2\/media\/315"}],"wp:attachment":[{"href":"https:\/\/actionmall.act.at\/shop\/1274\/wp-json\/wp\/v2\/media?parent=277"}],"wp:term":[{"taxonomy":"product_cat","embeddable":true,"href":"https:\/\/actionmall.act.at\/shop\/1274\/wp-json\/wp\/v2\/product_cat?post=277"},{"taxonomy":"product_tag","embeddable":true,"href":"https:\/\/actionmall.act.at\/shop\/1274\/wp-json\/wp\/v2\/product_tag?post=277"}],"curies":[{"name":"wp","href":"https:\/\/api.w.org\/{rel}","templated":true}]}}