{"id":284,"date":"2025-01-28T11:16:05","date_gmt":"2025-01-28T10:16:05","guid":{"rendered":"https:\/\/actionmall.act.at\/shop\/1274\/?post_type=product&#038;p=284"},"modified":"2026-04-07T11:17:41","modified_gmt":"2026-04-07T09:17:41","slug":"fl003-die-energie-der-marke","status":"publish","type":"product","link":"https:\/\/actionmall.act.at\/shop\/1274\/produkt\/fl003-die-energie-der-marke\/","title":{"rendered":"FL003 Die Energie der Marke"},"content":{"rendered":"<p>Dieses Buch erkl\u00e4rt das Markenf\u00fchrungskonzept im Rahmen der strategischen Planung, au\u00dferdem werden die Herausforderungen, die Aufgaben und die Implementierung der Markenf\u00fchrung beschrieben.<\/p>\n","protected":false},"excerpt":{"rendered":"<p>Dieses Buch erkl\u00e4rt das Markenf\u00fchrungskonzept im Rahmen der strategischen Planung, au\u00dferdem werden die Herausforderungen, die Aufgaben und die Implementierung der Markenf\u00fchrung beschrieben.<\/p>\n","protected":false},"featured_media":299,"template":"","meta":[],"product_cat":[43],"product_tag":[],"class_list":{"0":"post-284","1":"product","2":"type-product","3":"status-publish","4":"has-post-thumbnail","6":"product_cat-unterhaltung-freizeit-und-kultur","8":"first","9":"instock","10":"taxable","11":"shipping-taxable","12":"purchasable","13":"product-type-simple"},"_links":{"self":[{"href":"https:\/\/actionmall.act.at\/shop\/1274\/wp-json\/wp\/v2\/product\/284"}],"collection":[{"href":"https:\/\/actionmall.act.at\/shop\/1274\/wp-json\/wp\/v2\/product"}],"about":[{"href":"https:\/\/actionmall.act.at\/shop\/1274\/wp-json\/wp\/v2\/types\/product"}],"wp:featuredmedia":[{"embeddable":true,"href":"https:\/\/actionmall.act.at\/shop\/1274\/wp-json\/wp\/v2\/media\/299"}],"wp:attachment":[{"href":"https:\/\/actionmall.act.at\/shop\/1274\/wp-json\/wp\/v2\/media?parent=284"}],"wp:term":[{"taxonomy":"product_cat","embeddable":true,"href":"https:\/\/actionmall.act.at\/shop\/1274\/wp-json\/wp\/v2\/product_cat?post=284"},{"taxonomy":"product_tag","embeddable":true,"href":"https:\/\/actionmall.act.at\/shop\/1274\/wp-json\/wp\/v2\/product_tag?post=284"}],"curies":[{"name":"wp","href":"https:\/\/api.w.org\/{rel}","templated":true}]}}