{"id":362,"date":"2026-04-14T10:08:11","date_gmt":"2026-04-14T08:08:11","guid":{"rendered":"https:\/\/actionmall.act.at\/shop\/1274\/?post_type=product&#038;p=362"},"modified":"2026-04-14T10:10:30","modified_gmt":"2026-04-14T08:10:30","slug":"fl007-dein-beruf-deine-leidenschaft","status":"publish","type":"product","link":"https:\/\/actionmall.act.at\/shop\/1274\/produkt\/fl007-dein-beruf-deine-leidenschaft\/","title":{"rendered":"FL007 Dein Beruf &#8211; Deine Leidenschaft"},"content":{"rendered":"<p><span data-contrast=\"auto\">Dieser Karriere-Guide zeigt, wie berufliche Zufriedenheit m\u00f6glich wird. Er unterst\u00fctzt dabei, die eigene Laufbahn neu auszurichten, St\u00e4rken gezielt einzusetzen und sich erfolgreich von anderen Bewerbern abzuheben \u2013 f\u00fcr einen Job, der wirklich passt.<\/span><span data-ccp-props=\"{\">\u00a0<\/span><\/p>\n","protected":false},"excerpt":{"rendered":"<p>Dieser Karriere-Guide zeigt, wie berufliche Zufriedenheit m\u00f6glich wird. Er unterst\u00fctzt dabei, die eigene Laufbahn neu auszurichten, St\u00e4rken gezielt einzusetzen und sich erfolgreich von anderen Bewerbern abzuheben \u2013 f\u00fcr einen Job, der wirklich passt.\u00a0<\/p>\n","protected":false},"featured_media":363,"template":"","meta":[],"product_cat":[43],"product_tag":[],"class_list":{"0":"post-362","1":"product","2":"type-product","3":"status-publish","4":"has-post-thumbnail","6":"product_cat-unterhaltung-freizeit-und-kultur","8":"first","9":"instock","10":"taxable","11":"shipping-taxable","12":"purchasable","13":"product-type-simple"},"_links":{"self":[{"href":"https:\/\/actionmall.act.at\/shop\/1274\/wp-json\/wp\/v2\/product\/362"}],"collection":[{"href":"https:\/\/actionmall.act.at\/shop\/1274\/wp-json\/wp\/v2\/product"}],"about":[{"href":"https:\/\/actionmall.act.at\/shop\/1274\/wp-json\/wp\/v2\/types\/product"}],"wp:featuredmedia":[{"embeddable":true,"href":"https:\/\/actionmall.act.at\/shop\/1274\/wp-json\/wp\/v2\/media\/363"}],"wp:attachment":[{"href":"https:\/\/actionmall.act.at\/shop\/1274\/wp-json\/wp\/v2\/media?parent=362"}],"wp:term":[{"taxonomy":"product_cat","embeddable":true,"href":"https:\/\/actionmall.act.at\/shop\/1274\/wp-json\/wp\/v2\/product_cat?post=362"},{"taxonomy":"product_tag","embeddable":true,"href":"https:\/\/actionmall.act.at\/shop\/1274\/wp-json\/wp\/v2\/product_tag?post=362"}],"curies":[{"name":"wp","href":"https:\/\/api.w.org\/{rel}","templated":true}]}}