{"id":364,"date":"2026-04-14T10:10:10","date_gmt":"2026-04-14T08:10:10","guid":{"rendered":"https:\/\/actionmall.act.at\/shop\/1274\/?post_type=product&#038;p=364"},"modified":"2026-04-14T10:11:05","modified_gmt":"2026-04-14T08:11:05","slug":"fl008-projektmanagement","status":"publish","type":"product","link":"https:\/\/actionmall.act.at\/shop\/1274\/produkt\/fl008-projektmanagement\/","title":{"rendered":"FL008 Projektmanagement"},"content":{"rendered":"<p><span data-contrast=\"auto\">Das Buch vermittelt kompakt und praxisnah die Grundlagen des Projektmanagements.<\/span><br \/>\n<span data-contrast=\"auto\">Es zeigt Methoden zur Planung, Steuerung und Kontrolle von Projekten sowie zur F\u00fchrung von Projektteams.<\/span><br \/>\n<span data-contrast=\"auto\">Praxisbeispiele und \u00dcbungen unterst\u00fctzen die direkte Anwendung im Berufsalltag.<\/span><span data-ccp-props=\"{\">\u00a0<\/span><\/p>\n","protected":false},"excerpt":{"rendered":"<p>Das Buch vermittelt kompakt und praxisnah die Grundlagen des Projektmanagements. Es zeigt Methoden zur Planung, Steuerung und Kontrolle von Projekten sowie zur F\u00fchrung von Projektteams. Praxisbeispiele und \u00dcbungen unterst\u00fctzen die direkte Anwendung im Berufsalltag.\u00a0<\/p>\n","protected":false},"featured_media":365,"template":"","meta":[],"product_cat":[43],"product_tag":[],"class_list":{"0":"post-364","1":"product","2":"type-product","3":"status-publish","4":"has-post-thumbnail","6":"product_cat-unterhaltung-freizeit-und-kultur","8":"first","9":"instock","10":"taxable","11":"shipping-taxable","12":"purchasable","13":"product-type-simple"},"_links":{"self":[{"href":"https:\/\/actionmall.act.at\/shop\/1274\/wp-json\/wp\/v2\/product\/364"}],"collection":[{"href":"https:\/\/actionmall.act.at\/shop\/1274\/wp-json\/wp\/v2\/product"}],"about":[{"href":"https:\/\/actionmall.act.at\/shop\/1274\/wp-json\/wp\/v2\/types\/product"}],"wp:featuredmedia":[{"embeddable":true,"href":"https:\/\/actionmall.act.at\/shop\/1274\/wp-json\/wp\/v2\/media\/365"}],"wp:attachment":[{"href":"https:\/\/actionmall.act.at\/shop\/1274\/wp-json\/wp\/v2\/media?parent=364"}],"wp:term":[{"taxonomy":"product_cat","embeddable":true,"href":"https:\/\/actionmall.act.at\/shop\/1274\/wp-json\/wp\/v2\/product_cat?post=364"},{"taxonomy":"product_tag","embeddable":true,"href":"https:\/\/actionmall.act.at\/shop\/1274\/wp-json\/wp\/v2\/product_tag?post=364"}],"curies":[{"name":"wp","href":"https:\/\/api.w.org\/{rel}","templated":true}]}}