{"id":264,"date":"2024-11-13T14:20:21","date_gmt":"2024-11-13T13:20:21","guid":{"rendered":"https:\/\/actionmall.act.at\/shop\/1285\/?post_type=product&#038;p=264"},"modified":"2025-11-19T08:28:31","modified_gmt":"2025-11-19T07:28:31","slug":"sub-badehose","status":"publish","type":"product","link":"https:\/\/actionmall.act.at\/shop\/1285\/en\/produkt\/sub-badehose\/","title":{"rendered":"SUB-Wasserball Badehose"},"content":{"rendered":"<p>Artikelnummer: 6.1.1<\/p>\n<p>Dieser Anzug ist die perfekte Wahl f\u00fcr den professionellen Spieler. Verst\u00e4kte N\u00e4hte und eine doppelte F\u00fctterung sorgen daf\u00fcr, dass der Anzug seine urspr\u00fcngliche Form \u00fcber die Zeit beh\u00e4lt. Der Stoff ist eine speziell f\u00fcr Wasserball entwickelte Mischung, hergestellt mit der weltweit f\u00fchrenden Performance-Faser.<\/p>\n","protected":false},"excerpt":{"rendered":"<p>&nbsp;<\/p>\n<p>Gr\u00f6\u00dfe: XS\/ S\/ M\/ L\/ XL<\/p>\n","protected":false},"featured_media":364,"template":"","meta":[],"product_cat":[],"product_tag":[],"class_list":{"0":"post-264","1":"product","2":"type-product","3":"status-publish","4":"has-post-thumbnail","7":"first","8":"instock","9":"taxable","10":"shipping-taxable","11":"purchasable","12":"product-type-simple"},"_links":{"self":[{"href":"https:\/\/actionmall.act.at\/shop\/1285\/en\/wp-json\/wp\/v2\/product\/264"}],"collection":[{"href":"https:\/\/actionmall.act.at\/shop\/1285\/en\/wp-json\/wp\/v2\/product"}],"about":[{"href":"https:\/\/actionmall.act.at\/shop\/1285\/en\/wp-json\/wp\/v2\/types\/product"}],"wp:featuredmedia":[{"embeddable":true,"href":"https:\/\/actionmall.act.at\/shop\/1285\/en\/wp-json\/wp\/v2\/media\/364"}],"wp:attachment":[{"href":"https:\/\/actionmall.act.at\/shop\/1285\/en\/wp-json\/wp\/v2\/media?parent=264"}],"wp:term":[{"taxonomy":"product_cat","embeddable":true,"href":"https:\/\/actionmall.act.at\/shop\/1285\/en\/wp-json\/wp\/v2\/product_cat?post=264"},{"taxonomy":"product_tag","embeddable":true,"href":"https:\/\/actionmall.act.at\/shop\/1285\/en\/wp-json\/wp\/v2\/product_tag?post=264"}],"curies":[{"name":"wp","href":"https:\/\/api.w.org\/{rel}","templated":true}]}}