{"id":372,"date":"2026-02-18T12:19:40","date_gmt":"2026-02-18T11:19:40","guid":{"rendered":"https:\/\/actionmall.act.at\/shop\/1285\/?post_type=product&#038;p=372"},"modified":"2026-02-18T12:19:40","modified_gmt":"2026-02-18T11:19:40","slug":"ruder-einteiler","status":"publish","type":"product","link":"https:\/\/actionmall.act.at\/shop\/1285\/en\/produkt\/ruder-einteiler\/","title":{"rendered":"Sub Ruder Einteiler"},"content":{"rendered":"<article class=\"text-token-text-primary w-full focus:outline-none [--shadow-height:45px] has-data-writing-block:pointer-events-none has-data-writing-block:-mt-(--shadow-height) has-data-writing-block:pt-(--shadow-height) [&#038;:has([data-writing-block])>*]:pointer-events-auto [content-visibility:auto] supports-[content-visibility:auto]:[contain-intrinsic-size:auto_100lvh] scroll-mt-[calc(var(&#8211;header-height)+min(200px,max(70px,20svh)))]&#8221; dir=&#8221;auto&#8221; data-turn-id=&#8221;request-WEB:78247245-0348-4b2c-a676-ac59e86668aa-0&#8243; data-testid=&#8221;conversation-turn-2&#8243; data-scroll-anchor=&#8221;true&#8221; data-turn=&#8221;assistant&#8221;><\/p>\n<div class=\"text-base my-auto mx-auto pb-10 [--thread-content-margin:--spacing(4)] thread-sm:[--thread-content-margin:--spacing(6)] thread-lg:[--thread-content-margin:--spacing(16)] px-(--thread-content-margin)\">\n<div class=\"[--thread-content-max-width:40rem] thread-lg:[--thread-content-max-width:48rem] mx-auto max-w-(--thread-content-max-width) flex-1 group\/turn-messages focus-visible:outline-hidden relative flex w-full min-w-0 flex-col agent-turn\">\n<div class=\"flex max-w-full flex-col grow\">\n<div class=\"min-h-8 text-message relative flex w-full flex-col items-end gap-2 text-start break-words whitespace-normal [.text-message+&#038;]:mt-1\" dir=\"auto\" data-message-author-role=\"assistant\" data-message-id=\"d9e557b3-99e4-474c-9eda-25dbe2e3d48c\" data-message-model-slug=\"gpt-5\">\n<div class=\"flex w-full flex-col gap-1 empty:hidden first:pt-[1px]\">\n<div class=\"markdown prose dark:prose-invert w-full break-words light markdown-new-styling\"><\/div>\n<\/div>\n<\/div>\n<\/div>\n<div class=\"z-0 flex min-h-[46px] justify-start\"><\/div>\n<\/div>\n<\/div>\n<\/article>\n<div class=\"pointer-events-none h-px w-px\" aria-hidden=\"true\" data-edge=\"true\">\n<article class=\"text-token-text-primary w-full focus:outline-none [--shadow-height:45px] has-data-writing-block:pointer-events-none has-data-writing-block:-mt-(--shadow-height) has-data-writing-block:pt-(--shadow-height) [&#038;:has([data-writing-block])>*]:pointer-events-auto [content-visibility:auto] supports-[content-visibility:auto]:[contain-intrinsic-size:auto_100lvh] scroll-mt-[calc(var(&#8211;header-height)+min(200px,max(70px,20svh)))]&#8221; dir=&#8221;auto&#8221; data-turn-id=&#8221;request-WEB:78247245-0348-4b2c-a676-ac59e86668aa-1&#8243; data-testid=&#8221;conversation-turn-4&#8243; data-scroll-anchor=&#8221;false&#8221; data-turn=&#8221;assistant&#8221;><\/p>\n<div class=\"text-base my-auto mx-auto [--thread-content-margin:--spacing(4)] thread-sm:[--thread-content-margin:--spacing(6)] thread-lg:[--thread-content-margin:--spacing(16)] px-(--thread-content-margin)\">\n<div class=\"[--thread-content-max-width:40rem] thread-lg:[--thread-content-max-width:48rem] mx-auto max-w-(--thread-content-max-width) flex-1 group\/turn-messages focus-visible:outline-hidden relative flex w-full min-w-0 flex-col agent-turn\">\n<div class=\"flex max-w-full flex-col grow\">\n<div class=\"min-h-8 text-message relative flex w-full flex-col items-end gap-2 text-start break-words whitespace-normal [.text-message+&#038;]:mt-1\" dir=\"auto\" data-message-author-role=\"assistant\" data-message-id=\"d36fa3fe-85e0-4cb8-846e-c465cfe25139\" data-message-model-slug=\"gpt-5\">\n<div class=\"flex w-full flex-col gap-1 empty:hidden first:pt-[1px]\">\n<div class=\"markdown prose dark:prose-invert w-full break-words light markdown-new-styling\">\n<p data-start=\"0\" data-end=\"562\" data-is-last-node=\"\" data-is-only-node=\"\">Ein Ruder-Einteiler ist ein speziell entwickelter Sportanzug, der aus elastischem, atmungsaktivem Funktionsmaterial besteht. Er wird von Ruderinnen und Ruderern getragen und liegt eng am K\u00f6rper an, um maximale Bewegungsfreiheit und eine optimale Kraft\u00fcbertragung zu erm\u00f6glichen. Durch den k\u00f6rpernahen Schnitt werden Falten und Reibungspunkte vermieden, was den Tragekomfort auch bei langen Trainingseinheiten oder Wettk\u00e4mpfen erh\u00f6ht. Zudem sorgt das Material f\u00fcr eine gute Bel\u00fcftung und leitet Schwei\u00df effektiv ab, sodass der Athlet trocken und beweglich bleibt.<\/p>\n<\/div>\n<\/div>\n<\/div>\n<\/div>\n<div class=\"z-0 flex min-h-[46px] justify-start\"><\/div>\n<\/div>\n<\/div>\n<\/article>\n<article class=\"text-token-text-primary w-full focus:outline-none [--shadow-height:45px] has-data-writing-block:pointer-events-none has-data-writing-block:-mt-(--shadow-height) has-data-writing-block:pt-(--shadow-height) [&#038;:has([data-writing-block])>*]:pointer-events-auto scroll-mt-(&#8211;header-height)&#8221; dir=&#8221;auto&#8221; data-turn-id=&#8221;8b3b9c85-a0b9-4409-b13c-226e3a5ce5a0&#8243; data-testid=&#8221;conversation-turn-5&#8243; data-scroll-anchor=&#8221;false&#8221; data-turn=&#8221;user&#8221;><\/p>\n<h5 class=\"sr-only\"><\/h5>\n<\/article>\n<\/div>\n","protected":false},"excerpt":{"rendered":"<p>*]:pointer-events-auto [content-visibility:auto] supports-[content-visibility:auto]:[contain-intrinsic-size:auto_100lvh] scroll-mt-[calc(var(&#8211;header-height)+min(200px,max(70px,20svh)))]&#8221; dir=&#8221;auto&#8221; data-turn-id=&#8221;request-WEB:78247245-0348-4b2c-a676-ac59e86668aa-1&#8243; data-testid=&#8221;conversation-turn-4&#8243; data-scroll-anchor=&#8221;false&#8221; data-turn=&#8221;assistant&#8221;> Ein Ruder-Einteiler ist ein speziell entwickelter Sportanzug, der aus elastischem, atmungsaktivem Funktionsmaterial besteht. Er wird von Ruderinnen und Ruderern getragen und liegt eng am K\u00f6rper an, um maximale Bewegungsfreiheit und eine optimale Kraft\u00fcbertragung zu erm\u00f6glichen. Durch den k\u00f6rpernahen Schnitt werden Falten und Reibungspunkte vermieden, was den [&hellip;]<\/p>\n","protected":false},"featured_media":0,"template":"","meta":[],"product_cat":[],"product_tag":[],"class_list":{"0":"post-372","1":"product","2":"type-product","3":"status-publish","6":"first","7":"instock","8":"taxable","9":"shipping-taxable","10":"purchasable","11":"product-type-simple"},"_links":{"self":[{"href":"https:\/\/actionmall.act.at\/shop\/1285\/en\/wp-json\/wp\/v2\/product\/372"}],"collection":[{"href":"https:\/\/actionmall.act.at\/shop\/1285\/en\/wp-json\/wp\/v2\/product"}],"about":[{"href":"https:\/\/actionmall.act.at\/shop\/1285\/en\/wp-json\/wp\/v2\/types\/product"}],"wp:attachment":[{"href":"https:\/\/actionmall.act.at\/shop\/1285\/en\/wp-json\/wp\/v2\/media?parent=372"}],"wp:term":[{"taxonomy":"product_cat","embeddable":true,"href":"https:\/\/actionmall.act.at\/shop\/1285\/en\/wp-json\/wp\/v2\/product_cat?post=372"},{"taxonomy":"product_tag","embeddable":true,"href":"https:\/\/actionmall.act.at\/shop\/1285\/en\/wp-json\/wp\/v2\/product_tag?post=372"}],"curies":[{"name":"wp","href":"https:\/\/api.w.org\/{rel}","templated":true}]}}