{"id":375,"date":"2025-11-12T09:36:25","date_gmt":"2025-11-12T08:36:25","guid":{"rendered":"https:\/\/actionmall.act.at\/shop\/1285\/?post_type=product&#038;p=375"},"modified":"2026-02-18T11:35:48","modified_gmt":"2026-02-18T10:35:48","slug":"bauer-vapor-ti-flylite","status":"publish","type":"product","link":"https:\/\/actionmall.act.at\/shop\/1285\/en\/produkt\/bauer-vapor-ti-flylite\/","title":{"rendered":"SuB Bauer Vapor TI FLYLITE"},"content":{"rendered":"<p><span data-contrast=\"auto\">Die Bauer Vapor TI FLYLITEsind hochwertige Eishockeyschlittschuhe, die speziell f\u00fcr erfahrene Spieler entwickelt wurden. <\/span><span data-ccp-props=\"{}\">\u00a0<\/span><\/p>\n<p><span data-contrast=\"auto\">Der Schuh verf\u00fcgt \u00fcber ein stabiles, dennoch leichtes Obermaterial aus Verbundstoffen, das eine gute Unterst\u00fctzung des Fu\u00dfes gew\u00e4hrleistet und gleichzeitig f\u00fcr eine optimale Bewegungsfreiheit sorgt.\u00a0<\/span><span data-ccp-props=\"{}\">\u00a0<\/span><\/p>\n<p><span data-contrast=\"auto\">Ausgestattet ist der Bauer Vapor TI FLYLITE mit hochwertigen, rostfreien Kufen aus Edelstahl, die f\u00fcr einen pr\u00e4zisen, reibungslosen Gleitschritt sorgen.\u00a0<\/span><span data-ccp-props=\"{}\">\u00a0<\/span><\/p>\n","protected":false},"excerpt":{"rendered":"<p>Gr\u00f6\u00dfen sind von 36-49 erh\u00e4ltich<\/p>\n","protected":false},"featured_media":379,"template":"","meta":[],"product_cat":[],"product_tag":[],"class_list":{"0":"post-375","1":"product","2":"type-product","3":"status-publish","4":"has-post-thumbnail","7":"first","8":"instock","9":"taxable","10":"shipping-taxable","11":"purchasable","12":"product-type-simple"},"_links":{"self":[{"href":"https:\/\/actionmall.act.at\/shop\/1285\/en\/wp-json\/wp\/v2\/product\/375"}],"collection":[{"href":"https:\/\/actionmall.act.at\/shop\/1285\/en\/wp-json\/wp\/v2\/product"}],"about":[{"href":"https:\/\/actionmall.act.at\/shop\/1285\/en\/wp-json\/wp\/v2\/types\/product"}],"wp:featuredmedia":[{"embeddable":true,"href":"https:\/\/actionmall.act.at\/shop\/1285\/en\/wp-json\/wp\/v2\/media\/379"}],"wp:attachment":[{"href":"https:\/\/actionmall.act.at\/shop\/1285\/en\/wp-json\/wp\/v2\/media?parent=375"}],"wp:term":[{"taxonomy":"product_cat","embeddable":true,"href":"https:\/\/actionmall.act.at\/shop\/1285\/en\/wp-json\/wp\/v2\/product_cat?post=375"},{"taxonomy":"product_tag","embeddable":true,"href":"https:\/\/actionmall.act.at\/shop\/1285\/en\/wp-json\/wp\/v2\/product_tag?post=375"}],"curies":[{"name":"wp","href":"https:\/\/api.w.org\/{rel}","templated":true}]}}