{"id":376,"date":"2025-11-12T09:32:14","date_gmt":"2025-11-12T08:32:14","guid":{"rendered":"https:\/\/actionmall.act.at\/shop\/1285\/?post_type=product&#038;p=376"},"modified":"2026-02-18T11:36:07","modified_gmt":"2026-02-18T10:36:07","slug":"sub-volleyballschuhe","status":"publish","type":"product","link":"https:\/\/actionmall.act.at\/shop\/1285\/en\/produkt\/sub-volleyballschuhe\/","title":{"rendered":"SUB-Volleyballschuhe"},"content":{"rendered":"<p><span data-contrast=\"auto\">Der Way of Wade Shadow 6 V2 ist ein moderner Performance-Basketballschuh aus der exklusiven Linie von NBA-Star Dwyane Wade.<\/span><span data-ccp-props=\"{}\">\u00a0<\/span><\/p>\n<p><span data-contrast=\"auto\">Mit seinem leichten, atmungsaktiven Obermaterial sorgt er f\u00fcr optimalen Komfort und Stabilit\u00e4t auf dem Court.<\/span><span data-ccp-props=\"{}\">\u00a0<\/span><\/p>\n<p><span data-contrast=\"auto\">Die integrierte Cushion-Technologie bietet erstklassige D\u00e4mpfung und Energier\u00fcckgabe, w\u00e4hrend die strapazierf\u00e4hige Gummiau\u00dfensohle mit speziellem Traktionsmuster f\u00fcr maximalen Grip und schnelle Richtungswechsel entwickelt wurde.<\/span><span data-ccp-props=\"{}\">\u00a0<\/span><\/p>\n<p><span data-ccp-props=\"{}\">\u00a0<\/span><\/p>\n<p><span data-contrast=\"auto\">Way of Wade ist die Premium-Basketball-Linie von Li-Ning, die in Zusammenarbeit mit Dwyane Wade entstanden ist. Die Marke steht f\u00fcr innovative Technologien, au\u00dfergew\u00f6hnliches Design und h\u00f6chste Performance im Profi- und Amateursport.<\/span><span data-ccp-props=\"{}\">\u00a0<\/span><\/p>\n","protected":false},"excerpt":{"rendered":"<p>Farbe: Flower City<\/p>\n<p>Gr\u00f6\u00dfe: 41-45<\/p>\n","protected":false},"featured_media":378,"template":"","meta":[],"product_cat":[],"product_tag":[],"class_list":{"0":"post-376","1":"product","2":"type-product","3":"status-publish","4":"has-post-thumbnail","7":"first","8":"instock","9":"taxable","10":"shipping-taxable","11":"purchasable","12":"product-type-simple"},"_links":{"self":[{"href":"https:\/\/actionmall.act.at\/shop\/1285\/en\/wp-json\/wp\/v2\/product\/376"}],"collection":[{"href":"https:\/\/actionmall.act.at\/shop\/1285\/en\/wp-json\/wp\/v2\/product"}],"about":[{"href":"https:\/\/actionmall.act.at\/shop\/1285\/en\/wp-json\/wp\/v2\/types\/product"}],"wp:featuredmedia":[{"embeddable":true,"href":"https:\/\/actionmall.act.at\/shop\/1285\/en\/wp-json\/wp\/v2\/media\/378"}],"wp:attachment":[{"href":"https:\/\/actionmall.act.at\/shop\/1285\/en\/wp-json\/wp\/v2\/media?parent=376"}],"wp:term":[{"taxonomy":"product_cat","embeddable":true,"href":"https:\/\/actionmall.act.at\/shop\/1285\/en\/wp-json\/wp\/v2\/product_cat?post=376"},{"taxonomy":"product_tag","embeddable":true,"href":"https:\/\/actionmall.act.at\/shop\/1285\/en\/wp-json\/wp\/v2\/product_tag?post=376"}],"curies":[{"name":"wp","href":"https:\/\/api.w.org\/{rel}","templated":true}]}}