{"id":269,"date":"2024-11-12T09:00:40","date_gmt":"2024-11-12T08:00:40","guid":{"rendered":"https:\/\/actionmall.act.at\/shop\/1285\/?post_type=product&#038;p=269"},"modified":"2025-11-12T09:31:36","modified_gmt":"2025-11-12T08:31:36","slug":"sub-handball","status":"publish","type":"product","link":"https:\/\/actionmall.act.at\/shop\/1285\/produkt\/sub-handball\/","title":{"rendered":"SUB &#8211; Mikasa Volleyball V200"},"content":{"rendered":"<p data-start=\"137\" data-end=\"205\"><strong data-start=\"137\" data-end=\"203\">Molten V5M5000 \u2013 Offizieller Premium-Volleyball f\u00fcr Wettk\u00e4mpfe<\/strong><\/p>\n<p data-start=\"207\" data-end=\"655\">Der Molten V5M5000 ist ein hochwertiger Volleyball, der f\u00fcr den professionellen Einsatz im Wettkampf- und Trainingsbereich entwickelt wurde. Seine pr\u00e4zise Verarbeitung und die innovative Oberfl\u00e4chenstruktur gew\u00e4hrleisten eine ausgezeichnete Griffigkeit sowie maximale Ballkontrolle. Durch die nahtlose Konstruktion bietet der Ball eine gleichm\u00e4\u00dfige Flugbahn und ein konstantes Sprungverhalten \u2013 ideal f\u00fcr pr\u00e4zises Zuspiel und kraftvolle Angriffe.<\/p>\n<p data-start=\"657\" data-end=\"679\"><strong data-start=\"657\" data-end=\"677\">Technische Daten<\/strong><\/p>\n<ul data-start=\"680\" data-end=\"973\">\n<li data-start=\"680\" data-end=\"765\">\n<p data-start=\"682\" data-end=\"765\"><strong data-start=\"682\" data-end=\"696\">Zulassung:<\/strong> Offizieller Spielball f\u00fcr nationale und internationale Wettbewerbe<\/p>\n<\/li>\n<li data-start=\"766\" data-end=\"796\">\n<p data-start=\"768\" data-end=\"796\"><strong data-start=\"768\" data-end=\"780\">Gewicht:<\/strong> ca. 260\u2013280 g<\/p>\n<\/li>\n<li data-start=\"797\" data-end=\"821\">\n<p data-start=\"799\" data-end=\"821\"><strong data-start=\"799\" data-end=\"810\">Umfang:<\/strong> 65\u201367 cm<\/p>\n<\/li>\n<li data-start=\"822\" data-end=\"885\">\n<p data-start=\"824\" data-end=\"885\"><strong data-start=\"824\" data-end=\"837\">Material:<\/strong> Hochwertiges, griffiges Microfaser-Kunstleder<\/p>\n<\/li>\n<li data-start=\"886\" data-end=\"973\">\n<p data-start=\"888\" data-end=\"973\"><strong data-start=\"888\" data-end=\"905\">Konstruktion:<\/strong> Nahtlose Oberfl\u00e4che f\u00fcr perfekte Rundung und optimale Aerodynamik<\/p>\n<\/li>\n<\/ul>\n","protected":false},"excerpt":{"rendered":"<p>Volleyball<\/p>\n","protected":false},"featured_media":359,"template":"","meta":[],"product_cat":[],"product_tag":[],"class_list":{"0":"post-269","1":"product","2":"type-product","3":"status-publish","4":"has-post-thumbnail","7":"first","8":"instock","9":"taxable","10":"shipping-taxable","11":"purchasable","12":"product-type-simple"},"_links":{"self":[{"href":"https:\/\/actionmall.act.at\/shop\/1285\/wp-json\/wp\/v2\/product\/269"}],"collection":[{"href":"https:\/\/actionmall.act.at\/shop\/1285\/wp-json\/wp\/v2\/product"}],"about":[{"href":"https:\/\/actionmall.act.at\/shop\/1285\/wp-json\/wp\/v2\/types\/product"}],"wp:featuredmedia":[{"embeddable":true,"href":"https:\/\/actionmall.act.at\/shop\/1285\/wp-json\/wp\/v2\/media\/359"}],"wp:attachment":[{"href":"https:\/\/actionmall.act.at\/shop\/1285\/wp-json\/wp\/v2\/media?parent=269"}],"wp:term":[{"taxonomy":"product_cat","embeddable":true,"href":"https:\/\/actionmall.act.at\/shop\/1285\/wp-json\/wp\/v2\/product_cat?post=269"},{"taxonomy":"product_tag","embeddable":true,"href":"https:\/\/actionmall.act.at\/shop\/1285\/wp-json\/wp\/v2\/product_tag?post=269"}],"curies":[{"name":"wp","href":"https:\/\/api.w.org\/{rel}","templated":true}]}}