{"id":291,"date":"2025-11-12T09:37:03","date_gmt":"2025-11-12T08:37:03","guid":{"rendered":"https:\/\/actionmall.act.at\/shop\/1285\/?post_type=product&#038;p=291"},"modified":"2026-02-18T11:34:17","modified_gmt":"2026-02-18T10:34:17","slug":"sub-flasche","status":"publish","type":"product","link":"https:\/\/actionmall.act.at\/shop\/1285\/produkt\/sub-flasche\/","title":{"rendered":"SUB-Austria Wien Trikot"},"content":{"rendered":"<p>Leichtes, atmungsaktives Fu\u00dfballtrikot mit optimaler Passform f\u00fcr maximale Bewegungsfreiheit. Ideal f\u00fcr Training und Spiel.<\/p>\n<p>Gr\u00f6\u00dfe: S,M,L<\/p>\n<p>Farbe:\u00a0 Lila<\/p>\n","protected":false},"excerpt":{"rendered":"<p>Leichtes, atmungsaktives Fu\u00dfballtrikot mit optimaler Passform f\u00fcr maximale Bewegungsfreiheit. Ideal f\u00fcr Training und Spiel. Gr\u00f6\u00dfe: S,M,L Farbe:\u00a0 Lila<\/p>\n","protected":false},"featured_media":380,"template":"","meta":[],"product_cat":[],"product_tag":[],"class_list":{"0":"post-291","1":"product","2":"type-product","3":"status-publish","4":"has-post-thumbnail","7":"first","8":"instock","9":"taxable","10":"shipping-taxable","11":"purchasable","12":"product-type-simple"},"_links":{"self":[{"href":"https:\/\/actionmall.act.at\/shop\/1285\/wp-json\/wp\/v2\/product\/291"}],"collection":[{"href":"https:\/\/actionmall.act.at\/shop\/1285\/wp-json\/wp\/v2\/product"}],"about":[{"href":"https:\/\/actionmall.act.at\/shop\/1285\/wp-json\/wp\/v2\/types\/product"}],"wp:featuredmedia":[{"embeddable":true,"href":"https:\/\/actionmall.act.at\/shop\/1285\/wp-json\/wp\/v2\/media\/380"}],"wp:attachment":[{"href":"https:\/\/actionmall.act.at\/shop\/1285\/wp-json\/wp\/v2\/media?parent=291"}],"wp:term":[{"taxonomy":"product_cat","embeddable":true,"href":"https:\/\/actionmall.act.at\/shop\/1285\/wp-json\/wp\/v2\/product_cat?post=291"},{"taxonomy":"product_tag","embeddable":true,"href":"https:\/\/actionmall.act.at\/shop\/1285\/wp-json\/wp\/v2\/product_tag?post=291"}],"curies":[{"name":"wp","href":"https:\/\/api.w.org\/{rel}","templated":true}]}}