{"id":336,"date":"2025-11-05T11:22:42","date_gmt":"2025-11-05T10:22:42","guid":{"rendered":"https:\/\/actionmall.act.at\/shop\/1285\/?post_type=product&#038;p=336"},"modified":"2026-02-18T11:35:10","modified_gmt":"2026-02-18T10:35:10","slug":"head","status":"publish","type":"product","link":"https:\/\/actionmall.act.at\/shop\/1285\/produkt\/head\/","title":{"rendered":"SUB &#8211; Head Tennisschl\u00e4ger Pro"},"content":{"rendered":"<p>Der HEAD Gravity Pro ist ein Schl\u00e4ger f\u00fcr Spielerinnen und Spieler, die maximale Kontrolle und ein stabiles Schlaggef\u00fchl suchen. Mit seinem gr\u00f6\u00dferen, runden Schl\u00e4gerkopf bietet er eine vergr\u00f6\u00dferte Sweetspot-Zone und damit mehr Fehlertoleranz. Die Kombination aus flexibler Rahmenkonstruktion und moderner Auxetic-Technologie sorgt f\u00fcr ein direktes, kraftvolles Feedback bei jedem Schlag. Perfekt f\u00fcr aggressive Baseline-Spieler, die hohe Pr\u00e4zision mit konstanter Power verbinden wollen.<\/p>\n<p><strong>Technische Daten<\/strong><strong>:<\/strong><\/p>\n<p>&nbsp;<\/p>\n<p>Gewicht: 315 g<\/p>\n<p>Kopfgr\u00f6\u00dfe: 645 cm\u00b2<\/p>\n<p>Balance: 315 mm<\/p>\n<p>Bespannungsbild: 18\/20<\/p>\n<p>&nbsp;<\/p>\n<p><strong>Artikelnummer: 7.1.2\u00a0\u00a0\u00a0\u00a0\u00a0\u00a0\u00a0\u00a0\u00a0\u00a0\u00a0\u00a0\u00a0\u00a0\u00a0\u00a0\u00a0\u00a0\u00a0\u00a0\u00a0\u00a0\u00a0\u00a0\u00a0\u00a0\u00a0\u00a0\u00a0\u00a0\u00a0\u00a0\u00a0\u00a0\u00a0\u00a0\u00a0\u00a0\u00a0\u00a0\u00a0\u00a0\u00a0\u00a0\u00a0\u00a0\u00a0\u00a0\u00a0\u00a0\u00a0\u00a0\u00a0\u00a0\u00a0\u00a0\u00a0\u00a0\u00a0\u00a0\u00a0\u00a0\u00a0\u00a0\u00a0\u00a0\u00a0\u00a0\u00a0\u00a0\u00a0\u00a0\u00a0\u00a0\u00a0\u00a0\u00a0\u00a0\u00a0\u00a0\u00a0\u00a0\u00a0\u00a0\u00a0\u00a0\u00a0\u00a0\u00a0\u00a0\u00a0\u00a0\u00a0\u00a0\u00a0\u00a0\u00a0\u00a0\u00a0\u00a0\u00a0\u00a0\u00a0\u00a0\u00a0\u00a0\u00a0\u00a0\u00a0\u00a0\u00a0\u00a0\u00a0\u00a0\u00a0\u00a0\u00a0\u00a0\u00a0\u00a0\u00a0 <\/strong><\/p>\n","protected":false},"excerpt":{"rendered":"<p>Tennis<\/p>\n","protected":false},"featured_media":354,"template":"","meta":[],"product_cat":[],"product_tag":[],"class_list":{"0":"post-336","1":"product","2":"type-product","3":"status-publish","4":"has-post-thumbnail","7":"first","8":"instock","9":"taxable","10":"shipping-taxable","11":"purchasable","12":"product-type-simple"},"_links":{"self":[{"href":"https:\/\/actionmall.act.at\/shop\/1285\/wp-json\/wp\/v2\/product\/336"}],"collection":[{"href":"https:\/\/actionmall.act.at\/shop\/1285\/wp-json\/wp\/v2\/product"}],"about":[{"href":"https:\/\/actionmall.act.at\/shop\/1285\/wp-json\/wp\/v2\/types\/product"}],"wp:featuredmedia":[{"embeddable":true,"href":"https:\/\/actionmall.act.at\/shop\/1285\/wp-json\/wp\/v2\/media\/354"}],"wp:attachment":[{"href":"https:\/\/actionmall.act.at\/shop\/1285\/wp-json\/wp\/v2\/media?parent=336"}],"wp:term":[{"taxonomy":"product_cat","embeddable":true,"href":"https:\/\/actionmall.act.at\/shop\/1285\/wp-json\/wp\/v2\/product_cat?post=336"},{"taxonomy":"product_tag","embeddable":true,"href":"https:\/\/actionmall.act.at\/shop\/1285\/wp-json\/wp\/v2\/product_tag?post=336"}],"curies":[{"name":"wp","href":"https:\/\/api.w.org\/{rel}","templated":true}]}}