{"id":253,"date":"2024-11-19T14:47:57","date_gmt":"2024-11-19T13:47:57","guid":{"rendered":"https:\/\/actionmall.act.at\/shop\/132\/?post_type=product&#038;p=253"},"modified":"2025-02-25T15:35:13","modified_gmt":"2025-02-25T14:35:13","slug":"gartenbeleuchtung-lunaglow-mini","status":"publish","type":"product","link":"https:\/\/actionmall.act.at\/shop\/132\/en\/produkt\/gartenbeleuchtung-lunaglow-mini\/","title":{"rendered":"Gartenbeleuchtung LunaGLow mini"},"content":{"rendered":"<p>LED Solar Gartenleuchte &#8220;LunaGlow Mini&#8221; \u2013 klein, elegant und umweltfreundlich<\/p>\n<p>Bringen Sie eine stilvolle und umweltfreundliche Beleuchtung in Ihren Garten mit der kompakten LED Solar Gartenleuchte &#8220;LunaGlow Mini&#8221;.<\/p>\n<p>Trotz ihrer geringen Gr\u00f6\u00dfe setzt diese Leuchte leuchtende Akzente und ist perfekt geeignet f\u00fcr den Einsatz entlang von Wegen, in Blumenbeeten oder auf Tischen.<\/p>\n<p>Automatisches Einschalten bei D\u00e4mmerung erleichtert die Handhabung. Die &#8220;LunaGlow Mini&#8221; ist klein, aber wirkungsvoll. Trotz ihres zierlichen Designs von nur 5 cm Durchmesser und 20 cm H\u00f6he bietet sie ausreichend Helligkeit, um gem\u00fctliche Lichtpunkte im Freien zu setzen.<\/p>\n","protected":false},"excerpt":{"rendered":"<p>LED Solar Gartenleuchte &#8220;LunaGlow Mini&#8221; \u2013 klein, elegant und umweltfreundlich Bringen Sie eine stilvolle und umweltfreundliche Beleuchtung in Ihren Garten mit der kompakten LED Solar Gartenleuchte &#8220;LunaGlow Mini&#8221;. Trotz ihrer geringen Gr\u00f6\u00dfe setzt diese Leuchte leuchtende Akzente und ist perfekt geeignet f\u00fcr den Einsatz entlang von Wegen, in Blumenbeeten oder auf Tischen. Automatisches Einschalten bei [&hellip;]<\/p>\n","protected":false},"featured_media":255,"template":"","meta":[],"product_cat":[],"product_tag":[],"class_list":{"0":"post-253","1":"product","2":"type-product","3":"status-publish","4":"has-post-thumbnail","7":"first","8":"instock","9":"taxable","10":"shipping-taxable","11":"purchasable","12":"product-type-simple"},"_links":{"self":[{"href":"https:\/\/actionmall.act.at\/shop\/132\/en\/wp-json\/wp\/v2\/product\/253"}],"collection":[{"href":"https:\/\/actionmall.act.at\/shop\/132\/en\/wp-json\/wp\/v2\/product"}],"about":[{"href":"https:\/\/actionmall.act.at\/shop\/132\/en\/wp-json\/wp\/v2\/types\/product"}],"wp:featuredmedia":[{"embeddable":true,"href":"https:\/\/actionmall.act.at\/shop\/132\/en\/wp-json\/wp\/v2\/media\/255"}],"wp:attachment":[{"href":"https:\/\/actionmall.act.at\/shop\/132\/en\/wp-json\/wp\/v2\/media?parent=253"}],"wp:term":[{"taxonomy":"product_cat","embeddable":true,"href":"https:\/\/actionmall.act.at\/shop\/132\/en\/wp-json\/wp\/v2\/product_cat?post=253"},{"taxonomy":"product_tag","embeddable":true,"href":"https:\/\/actionmall.act.at\/shop\/132\/en\/wp-json\/wp\/v2\/product_tag?post=253"}],"curies":[{"name":"wp","href":"https:\/\/api.w.org\/{rel}","templated":true}]}}