{"id":256,"date":"2024-11-19T14:51:45","date_gmt":"2024-11-19T13:51:45","guid":{"rendered":"https:\/\/actionmall.act.at\/shop\/132\/?post_type=product&#038;p=256"},"modified":"2026-04-09T13:06:27","modified_gmt":"2026-04-09T11:06:27","slug":"giesskanne-pink","status":"publish","type":"product","link":"https:\/\/actionmall.act.at\/shop\/132\/en\/produkt\/giesskanne-pink\/","title":{"rendered":"Gie\u00dfkanne Pink"},"content":{"rendered":"<p>Diese moderne pinke Gie\u00dfkanne ist aus recyceltem Kunststoff gefertigt und ideal f\u00fcr die Bew\u00e4sserung Ihrer Pflanzen.<\/p>\n<p>Sie ist das perfekte Werkzeug f\u00fcr alle Gartenliebhaber\/innen.<\/p>\n<p>Der passende Gie\u00dfbrausen-Aufsatz erm\u00f6glicht eine perfekte Bew\u00e4sserung Ihrer Pflanzen.<\/p>\n","protected":false},"excerpt":{"rendered":"<p>Diese moderne pinke Gie\u00dfkanne ist aus recyceltem Kunststoff gefertigt und ideal f\u00fcr die Bew\u00e4sserung Ihrer Pflanzen. Sie ist das perfekte Werkzeug f\u00fcr alle Gartenliebhaber\/innen. Der passende Gie\u00dfbrausen-Aufsatz erm\u00f6glicht eine perfekte Bew\u00e4sserung Ihrer Pflanzen.<\/p>\n","protected":false},"featured_media":436,"template":"","meta":[],"product_cat":[34],"product_tag":[],"class_list":{"0":"post-256","1":"product","2":"type-product","3":"status-publish","4":"has-post-thumbnail","6":"product_cat-autos-und-fahrzeuge","8":"first","9":"instock","10":"taxable","11":"shipping-taxable","12":"purchasable","13":"product-type-simple"},"_links":{"self":[{"href":"https:\/\/actionmall.act.at\/shop\/132\/en\/wp-json\/wp\/v2\/product\/256"}],"collection":[{"href":"https:\/\/actionmall.act.at\/shop\/132\/en\/wp-json\/wp\/v2\/product"}],"about":[{"href":"https:\/\/actionmall.act.at\/shop\/132\/en\/wp-json\/wp\/v2\/types\/product"}],"wp:featuredmedia":[{"embeddable":true,"href":"https:\/\/actionmall.act.at\/shop\/132\/en\/wp-json\/wp\/v2\/media\/436"}],"wp:attachment":[{"href":"https:\/\/actionmall.act.at\/shop\/132\/en\/wp-json\/wp\/v2\/media?parent=256"}],"wp:term":[{"taxonomy":"product_cat","embeddable":true,"href":"https:\/\/actionmall.act.at\/shop\/132\/en\/wp-json\/wp\/v2\/product_cat?post=256"},{"taxonomy":"product_tag","embeddable":true,"href":"https:\/\/actionmall.act.at\/shop\/132\/en\/wp-json\/wp\/v2\/product_tag?post=256"}],"curies":[{"name":"wp","href":"https:\/\/api.w.org\/{rel}","templated":true}]}}