{"id":262,"date":"2024-11-26T14:33:39","date_gmt":"2024-11-26T13:33:39","guid":{"rendered":"https:\/\/actionmall.act.at\/shop\/132\/?post_type=product&#038;p=262"},"modified":"2026-04-09T13:06:06","modified_gmt":"2026-04-09T11:06:06","slug":"schlagbohrmaschine","status":"publish","type":"product","link":"https:\/\/actionmall.act.at\/shop\/132\/en\/produkt\/schlagbohrmaschine\/","title":{"rendered":"Schlagbohrmaschine"},"content":{"rendered":"<p><span data-contrast=\"auto\">Die Bosch Schlagbohrmaschine GBH 2-26 ist 377 mm lang, 210 mm hoch und wiegt 2,9 kg. Das Ger\u00e4t ist mit einem 4 m langen Kabel erh\u00e4ltlich. Weitere Funktionen und Hauptmerkmale sind die einfache und pr\u00e4zise Steuerung, der Softgrip, der angenehmes Arbeiten erm\u00f6glicht und die optimale Kraft\u00fcbertragung f\u00fcr kleine H\u00e4mmer.\u00a0<\/span><span data-ccp-props=\"{}\">\u00a0<\/span><\/p>\n<p><span data-contrast=\"auto\">Der GBH 2-26 Professional von Bosch ist der ideale Bohrhammer f\u00fcr den t\u00e4glichen Einsatz im SDS-plus-Bereich. Mit einer Schlagenergie von 2,7 Joule erm\u00f6glicht er schnelles Bohren und effizientes Mei\u00dfeln. Seine hochwertigen Materialien gew\u00e4hrleisten Langlebigkeit und Zuverl\u00e4ssigkeit. Zudem bietet der optionale Mei\u00dfelmodus eine Vielzahl an Anwendungsm\u00f6glichkeiten, was ihn zu einem flexiblen Werkzeug f\u00fcr unterschiedliche Projekte macht<\/span><span data-ccp-props=\"{}\">\u00a0<\/span><\/p>\n","protected":false},"excerpt":{"rendered":"<p>Die Bosch Schlagbohrmaschine GBH 2-26 ist 377 mm lang, 210 mm hoch und wiegt 2,9 kg. Das Ger\u00e4t ist mit einem 4 m langen Kabel erh\u00e4ltlich. Weitere Funktionen und Hauptmerkmale sind die einfache und pr\u00e4zise Steuerung, der Softgrip, der angenehmes Arbeiten erm\u00f6glicht und die optimale Kraft\u00fcbertragung f\u00fcr kleine H\u00e4mmer.\u00a0\u00a0 Der GBH 2-26 Professional von Bosch [&hellip;]<\/p>\n","protected":false},"featured_media":458,"template":"","meta":[],"product_cat":[34],"product_tag":[],"class_list":{"0":"post-262","1":"product","2":"type-product","3":"status-publish","4":"has-post-thumbnail","6":"product_cat-autos-und-fahrzeuge","8":"first","9":"instock","10":"taxable","11":"shipping-taxable","12":"purchasable","13":"product-type-simple"},"_links":{"self":[{"href":"https:\/\/actionmall.act.at\/shop\/132\/en\/wp-json\/wp\/v2\/product\/262"}],"collection":[{"href":"https:\/\/actionmall.act.at\/shop\/132\/en\/wp-json\/wp\/v2\/product"}],"about":[{"href":"https:\/\/actionmall.act.at\/shop\/132\/en\/wp-json\/wp\/v2\/types\/product"}],"wp:featuredmedia":[{"embeddable":true,"href":"https:\/\/actionmall.act.at\/shop\/132\/en\/wp-json\/wp\/v2\/media\/458"}],"wp:attachment":[{"href":"https:\/\/actionmall.act.at\/shop\/132\/en\/wp-json\/wp\/v2\/media?parent=262"}],"wp:term":[{"taxonomy":"product_cat","embeddable":true,"href":"https:\/\/actionmall.act.at\/shop\/132\/en\/wp-json\/wp\/v2\/product_cat?post=262"},{"taxonomy":"product_tag","embeddable":true,"href":"https:\/\/actionmall.act.at\/shop\/132\/en\/wp-json\/wp\/v2\/product_tag?post=262"}],"curies":[{"name":"wp","href":"https:\/\/api.w.org\/{rel}","templated":true}]}}