{"id":264,"date":"2024-11-26T15:05:32","date_gmt":"2024-11-26T14:05:32","guid":{"rendered":"https:\/\/actionmall.act.at\/shop\/132\/?post_type=product&#038;p=264"},"modified":"2026-04-09T13:05:41","modified_gmt":"2026-04-09T11:05:41","slug":"fairtrade-kaffee","status":"publish","type":"product","link":"https:\/\/actionmall.act.at\/shop\/132\/en\/produkt\/fairtrade-kaffee\/","title":{"rendered":"Fairtrade-Kaffee"},"content":{"rendered":"<p>Unser Fairtrade-Kaffee bietet nicht nur einen unverwechselbaren Geschmack, sondern unterst\u00fctzt auch faire Arbeitsbedingungen und nachhaltige Anbaumethoden. Aus handverlesenen Bohnen, die von Kleinbauern in gerechten Handelsbeziehungen produziert werden, entfaltet sich ein ausgewogenes Aroma, das sowohl kr\u00e4ftig als auch mild ist. Mit jedem Schluck genie\u00dfen Sie nicht nur exzellenten Kaffee, sondern tragen auch zur F\u00f6rderung von sozialen Projekten und Umweltschutz bei. Perfekt f\u00fcr alle, die Wert auf Qualit\u00e4t und Fairness legen.<\/p>\n","protected":false},"excerpt":{"rendered":"<p>Unser Fairtrade-Kaffee bietet nicht nur einen unverwechselbaren Geschmack, sondern unterst\u00fctzt auch faire Arbeitsbedingungen und nachhaltige Anbaumethoden. Aus handverlesenen Bohnen, die von Kleinbauern in gerechten Handelsbeziehungen produziert werden, entfaltet sich ein ausgewogenes Aroma, das sowohl kr\u00e4ftig als auch mild ist. Mit jedem Schluck genie\u00dfen Sie nicht nur exzellenten Kaffee, sondern tragen auch zur F\u00f6rderung von sozialen [&hellip;]<\/p>\n","protected":false},"featured_media":431,"template":"","meta":[],"product_cat":[34],"product_tag":[],"class_list":{"0":"post-264","1":"product","2":"type-product","3":"status-publish","4":"has-post-thumbnail","6":"product_cat-autos-und-fahrzeuge","8":"first","9":"instock","10":"taxable","11":"shipping-taxable","12":"purchasable","13":"product-type-simple"},"_links":{"self":[{"href":"https:\/\/actionmall.act.at\/shop\/132\/en\/wp-json\/wp\/v2\/product\/264"}],"collection":[{"href":"https:\/\/actionmall.act.at\/shop\/132\/en\/wp-json\/wp\/v2\/product"}],"about":[{"href":"https:\/\/actionmall.act.at\/shop\/132\/en\/wp-json\/wp\/v2\/types\/product"}],"wp:featuredmedia":[{"embeddable":true,"href":"https:\/\/actionmall.act.at\/shop\/132\/en\/wp-json\/wp\/v2\/media\/431"}],"wp:attachment":[{"href":"https:\/\/actionmall.act.at\/shop\/132\/en\/wp-json\/wp\/v2\/media?parent=264"}],"wp:term":[{"taxonomy":"product_cat","embeddable":true,"href":"https:\/\/actionmall.act.at\/shop\/132\/en\/wp-json\/wp\/v2\/product_cat?post=264"},{"taxonomy":"product_tag","embeddable":true,"href":"https:\/\/actionmall.act.at\/shop\/132\/en\/wp-json\/wp\/v2\/product_tag?post=264"}],"curies":[{"name":"wp","href":"https:\/\/api.w.org\/{rel}","templated":true}]}}