{"id":291,"date":"2024-12-10T14:22:23","date_gmt":"2024-12-10T13:22:23","guid":{"rendered":"https:\/\/actionmall.act.at\/shop\/132\/?post_type=product&#038;p=291"},"modified":"2026-04-09T13:04:01","modified_gmt":"2026-04-09T11:04:01","slug":"blumentopf-in-pastell","status":"publish","type":"product","link":"https:\/\/actionmall.act.at\/shop\/132\/en\/produkt\/blumentopf-in-pastell\/","title":{"rendered":"Blumentopf"},"content":{"rendered":"<p>Verleihen Sie Ihrem Zuhause einen Hauch von Eleganz mit unserem<strong> stilvollen Blumentopf<\/strong> in sanften Pastellrosa und -blau. Mit einer H\u00f6he von 25 cm ist er perfekt f\u00fcr Ihre Lieblingspflanzen und sorgt f\u00fcr einen frischen, modernen Akzent in jedem Raum. Ideal f\u00fcr die Fensterbank oder als Highlight auf dem Tisch \u2013 dieser Blumentopf bringt Farbe und Lebensfreude in Ihr Wohnambiente!<\/p>\n","protected":false},"excerpt":{"rendered":"<p>Verleihen Sie Ihrem Zuhause einen Hauch von Eleganz mit unserem stilvollen Blumentopf in sanften Pastellrosa und -blau. Mit einer H\u00f6he von 25 cm ist er perfekt f\u00fcr Ihre Lieblingspflanzen und sorgt f\u00fcr einen frischen, modernen Akzent in jedem Raum. Ideal f\u00fcr die Fensterbank oder als Highlight auf dem Tisch \u2013 dieser Blumentopf bringt Farbe und [&hellip;]<\/p>\n","protected":false},"featured_media":426,"template":"","meta":[],"product_cat":[34],"product_tag":[],"class_list":{"0":"post-291","1":"product","2":"type-product","3":"status-publish","4":"has-post-thumbnail","6":"product_cat-autos-und-fahrzeuge","8":"first","9":"instock","10":"taxable","11":"shipping-taxable","12":"purchasable","13":"product-type-simple"},"_links":{"self":[{"href":"https:\/\/actionmall.act.at\/shop\/132\/en\/wp-json\/wp\/v2\/product\/291"}],"collection":[{"href":"https:\/\/actionmall.act.at\/shop\/132\/en\/wp-json\/wp\/v2\/product"}],"about":[{"href":"https:\/\/actionmall.act.at\/shop\/132\/en\/wp-json\/wp\/v2\/types\/product"}],"wp:featuredmedia":[{"embeddable":true,"href":"https:\/\/actionmall.act.at\/shop\/132\/en\/wp-json\/wp\/v2\/media\/426"}],"wp:attachment":[{"href":"https:\/\/actionmall.act.at\/shop\/132\/en\/wp-json\/wp\/v2\/media?parent=291"}],"wp:term":[{"taxonomy":"product_cat","embeddable":true,"href":"https:\/\/actionmall.act.at\/shop\/132\/en\/wp-json\/wp\/v2\/product_cat?post=291"},{"taxonomy":"product_tag","embeddable":true,"href":"https:\/\/actionmall.act.at\/shop\/132\/en\/wp-json\/wp\/v2\/product_tag?post=291"}],"curies":[{"name":"wp","href":"https:\/\/api.w.org\/{rel}","templated":true}]}}