{"id":315,"date":"2025-03-25T15:26:42","date_gmt":"2025-03-25T14:26:42","guid":{"rendered":"https:\/\/actionmall.act.at\/shop\/132\/?post_type=product&#038;p=315"},"modified":"2026-04-09T13:03:31","modified_gmt":"2026-04-09T11:03:31","slug":"haengesessel","status":"publish","type":"product","link":"https:\/\/actionmall.act.at\/shop\/132\/en\/produkt\/haengesessel\/","title":{"rendered":"H\u00e4ngesessel"},"content":{"rendered":"<article class=\"group\/turn w-full text-token-text-primary focus-visible:outline-none\" dir=\"auto\" data-testid=\"conversation-turn-4\" data-scroll-anchor=\"true\">\n<div class=\"text-base my-auto mx-auto py-5 px-6\">\n<div class=\"mx-auto flex flex-1 text-base gap-4 md:gap-5 lg:gap-6 md:max-w-3xl lg:max-w-[40rem] xl:max-w-[48rem]\">\n<div class=\"group\/conversation-turn relative flex w-full min-w-0 flex-col agent-turn @xs\/thread:px-0 @sm\/thread:px-1.5 @md\/thread:px-4\">\n<div class=\"relative flex-col gap-1 md:gap-3\">\n<div class=\"flex max-w-full flex-col flex-grow\">\n<div class=\"min-h-8 text-message relative flex w-full flex-col items-end gap-2 whitespace-normal break-words text-start [.text-message+&#038;]:mt-5\" dir=\"auto\" data-message-author-role=\"assistant\" data-message-id=\"c4df749d-1146-4b13-a5da-1238f777abbe\" data-message-model-slug=\"gpt-4o\">\n<div class=\"flex w-full flex-col gap-1 empty:hidden first:pt-[3px]\">\n<div class=\"markdown prose w-full break-words dark:prose-invert light\">\n<p class=\"\" data-start=\"0\" data-end=\"184\"><strong data-start=\"0\" data-end=\"25\" data-is-only-node=\"\">H\u00e4ngesessel Boho Wei\u00df<\/strong> \u2013 Stilvoll entspannen! \ud83c\udf3f Dieser gem\u00fctliche H\u00e4ngesessel aus Baumwolle mit Makramee-Fransen vereint Boho-Design und Komfort. Perfekt f\u00fcr drinnen &#038; drau\u00dfen!<\/p>\n<\/div>\n<\/div>\n<\/div>\n<\/div>\n<\/div>\n<div class=\"absolute\">\n<div class=\"flex items-center justify-center\"><\/div>\n<\/div>\n<\/div>\n<\/div>\n<\/div>\n<\/article>\n<div class=\"pointer-events-none h-px w-px\" aria-hidden=\"true\" data-edge=\"true\"><\/div>\n","protected":false},"excerpt":{"rendered":"<p>H\u00e4ngesessel Boho Wei\u00df \u2013 Stilvoll entspannen! \ud83c\udf3f Dieser gem\u00fctliche H\u00e4ngesessel aus Baumwolle mit Makramee-Fransen vereint Boho-Design und Komfort. Perfekt f\u00fcr drinnen &#038; drau\u00dfen!<\/p>\n","protected":false},"featured_media":316,"template":"","meta":[],"product_cat":[34],"product_tag":[],"class_list":{"0":"post-315","1":"product","2":"type-product","3":"status-publish","4":"has-post-thumbnail","6":"product_cat-autos-und-fahrzeuge","8":"first","9":"instock","10":"taxable","11":"shipping-taxable","12":"purchasable","13":"product-type-simple"},"_links":{"self":[{"href":"https:\/\/actionmall.act.at\/shop\/132\/en\/wp-json\/wp\/v2\/product\/315"}],"collection":[{"href":"https:\/\/actionmall.act.at\/shop\/132\/en\/wp-json\/wp\/v2\/product"}],"about":[{"href":"https:\/\/actionmall.act.at\/shop\/132\/en\/wp-json\/wp\/v2\/types\/product"}],"wp:featuredmedia":[{"embeddable":true,"href":"https:\/\/actionmall.act.at\/shop\/132\/en\/wp-json\/wp\/v2\/media\/316"}],"wp:attachment":[{"href":"https:\/\/actionmall.act.at\/shop\/132\/en\/wp-json\/wp\/v2\/media?parent=315"}],"wp:term":[{"taxonomy":"product_cat","embeddable":true,"href":"https:\/\/actionmall.act.at\/shop\/132\/en\/wp-json\/wp\/v2\/product_cat?post=315"},{"taxonomy":"product_tag","embeddable":true,"href":"https:\/\/actionmall.act.at\/shop\/132\/en\/wp-json\/wp\/v2\/product_tag?post=315"}],"curies":[{"name":"wp","href":"https:\/\/api.w.org\/{rel}","templated":true}]}}