{"id":321,"date":"2025-04-01T14:14:00","date_gmt":"2025-04-01T12:14:00","guid":{"rendered":"https:\/\/actionmall.act.at\/shop\/132\/?post_type=product&#038;p=321"},"modified":"2026-04-09T13:03:02","modified_gmt":"2026-04-09T11:03:02","slug":"bankganitur","status":"publish","type":"product","link":"https:\/\/actionmall.act.at\/shop\/132\/en\/produkt\/bankganitur\/","title":{"rendered":"Bankganitur"},"content":{"rendered":"<p class=\"\" data-start=\"70\" data-end=\"412\">Diese hochwertige <strong data-start=\"88\" data-end=\"104\">Bankgarnitur<\/strong> aus dunklem Holz mit stabilen, schwarzen Metallf\u00fc\u00dfen vereint modernes Design mit Langlebigkeit. Ideal f\u00fcr Esszimmer, Garten oder Terrasse. Die massive Bauweise sorgt f\u00fcr eine Tragkraft von ca. <strong data-start=\"298\" data-end=\"308\">250 kg<\/strong>, w\u00e4hrend die wetterfeste Verarbeitung sie sowohl f\u00fcr den Innen- als auch Au\u00dfenbereich geeignet macht.<\/p>\n<p class=\"\" data-start=\"414\" data-end=\"501\">\u2705 <strong data-start=\"416\" data-end=\"443\">Hochwertiges Massivholz<\/strong><br data-start=\"443\" data-end=\"446\" \/>\u2705 <strong data-start=\"448\" data-end=\"470\">Robuste Metallf\u00fc\u00dfe<\/strong><br data-start=\"470\" data-end=\"473\" data-is-only-node=\"\" \/>\u2705 <strong data-start=\"475\" data-end=\"499\">Belastbar bis 250 kg<\/strong><\/p>\n<p class=\"\" data-start=\"503\" data-end=\"541\">Perfekt f\u00fcr gesellige Runden mit Stil!<\/p>\n","protected":false},"excerpt":{"rendered":"<p class=\"\" data-start=\"414\" data-end=\"501\">\u2705 <strong data-start=\"416\" data-end=\"443\">Hochwertiges Massivholz<\/strong><br data-start=\"443\" data-end=\"446\" \/>\u2705 <strong data-start=\"448\" data-end=\"470\">Robuste Metallf\u00fc\u00dfe<\/strong><br data-start=\"470\" data-end=\"473\" data-is-only-node=\"\" \/>\u2705 <strong data-start=\"475\" data-end=\"499\">Belastbar bis 250 kg<\/strong><\/p>\n","protected":false},"featured_media":423,"template":"","meta":[],"product_cat":[34],"product_tag":[],"class_list":{"0":"post-321","1":"product","2":"type-product","3":"status-publish","4":"has-post-thumbnail","6":"product_cat-autos-und-fahrzeuge","8":"first","9":"instock","10":"taxable","11":"shipping-taxable","12":"purchasable","13":"product-type-simple"},"_links":{"self":[{"href":"https:\/\/actionmall.act.at\/shop\/132\/en\/wp-json\/wp\/v2\/product\/321"}],"collection":[{"href":"https:\/\/actionmall.act.at\/shop\/132\/en\/wp-json\/wp\/v2\/product"}],"about":[{"href":"https:\/\/actionmall.act.at\/shop\/132\/en\/wp-json\/wp\/v2\/types\/product"}],"wp:featuredmedia":[{"embeddable":true,"href":"https:\/\/actionmall.act.at\/shop\/132\/en\/wp-json\/wp\/v2\/media\/423"}],"wp:attachment":[{"href":"https:\/\/actionmall.act.at\/shop\/132\/en\/wp-json\/wp\/v2\/media?parent=321"}],"wp:term":[{"taxonomy":"product_cat","embeddable":true,"href":"https:\/\/actionmall.act.at\/shop\/132\/en\/wp-json\/wp\/v2\/product_cat?post=321"},{"taxonomy":"product_tag","embeddable":true,"href":"https:\/\/actionmall.act.at\/shop\/132\/en\/wp-json\/wp\/v2\/product_tag?post=321"}],"curies":[{"name":"wp","href":"https:\/\/api.w.org\/{rel}","templated":true}]}}