{"id":356,"date":"2025-10-09T12:00:22","date_gmt":"2025-10-09T10:00:22","guid":{"rendered":"https:\/\/actionmall.act.at\/shop\/132\/?post_type=product&#038;p=356"},"modified":"2026-04-09T13:02:39","modified_gmt":"2026-04-09T11:02:39","slug":"eco-flow","status":"publish","type":"product","link":"https:\/\/actionmall.act.at\/shop\/132\/en\/produkt\/eco-flow\/","title":{"rendered":"Eco Flow 200"},"content":{"rendered":"<p><strong>Solar-Regenwassertonne \u201eEco Flow 200\u201c<\/strong><\/p>\n<p>Die <strong>Eco Flow <\/strong>ist die smarte L\u00f6sung f\u00fcr nachhaltige Gartenbew\u00e4sserung. Mit <strong>200 Litern Fassungsverm\u00f6gen<\/strong> und aus <strong>100\u202f% recyceltem Kunststoff<\/strong> gefertigt, kombiniert sie Umweltschutz mit Funktionalit\u00e4t.<\/p>\n<p>Ein integriertes <strong>Solarpanel<\/strong> betreibt eine kleine Pumpe, die das gesammelte Regenwasser direkt zu Ihren Pflanzen leitet \u2013 ganz ohne Stromanschluss.<\/p>\n<p><strong>Vorteile:<\/strong> Spart Trinkwasser, senkt Nebenkosten, f\u00f6rdert umweltbewusstes G\u00e4rtnern. Ideal f\u00fcr Hobbyg\u00e4rtner, Hausbesitzer und Gemeinschaftsg\u00e4rten.<\/p>\n","protected":false},"excerpt":{"rendered":"<p>Solar-Regenwassertonne \u201eEco Flow 200\u201c Die Eco Flow ist die smarte L\u00f6sung f\u00fcr nachhaltige Gartenbew\u00e4sserung. Mit 200 Litern Fassungsverm\u00f6gen und aus 100\u202f% recyceltem Kunststoff gefertigt, kombiniert sie Umweltschutz mit Funktionalit\u00e4t. Ein integriertes Solarpanel betreibt eine kleine Pumpe, die das gesammelte Regenwasser direkt zu Ihren Pflanzen leitet \u2013 ganz ohne Stromanschluss. Vorteile: Spart Trinkwasser, senkt Nebenkosten, f\u00f6rdert [&hellip;]<\/p>\n","protected":false},"featured_media":429,"template":"","meta":[],"product_cat":[34],"product_tag":[],"class_list":{"0":"post-356","1":"product","2":"type-product","3":"status-publish","4":"has-post-thumbnail","6":"product_cat-autos-und-fahrzeuge","8":"first","9":"instock","10":"taxable","11":"shipping-taxable","12":"purchasable","13":"product-type-simple"},"_links":{"self":[{"href":"https:\/\/actionmall.act.at\/shop\/132\/en\/wp-json\/wp\/v2\/product\/356"}],"collection":[{"href":"https:\/\/actionmall.act.at\/shop\/132\/en\/wp-json\/wp\/v2\/product"}],"about":[{"href":"https:\/\/actionmall.act.at\/shop\/132\/en\/wp-json\/wp\/v2\/types\/product"}],"wp:featuredmedia":[{"embeddable":true,"href":"https:\/\/actionmall.act.at\/shop\/132\/en\/wp-json\/wp\/v2\/media\/429"}],"wp:attachment":[{"href":"https:\/\/actionmall.act.at\/shop\/132\/en\/wp-json\/wp\/v2\/media?parent=356"}],"wp:term":[{"taxonomy":"product_cat","embeddable":true,"href":"https:\/\/actionmall.act.at\/shop\/132\/en\/wp-json\/wp\/v2\/product_cat?post=356"},{"taxonomy":"product_tag","embeddable":true,"href":"https:\/\/actionmall.act.at\/shop\/132\/en\/wp-json\/wp\/v2\/product_tag?post=356"}],"curies":[{"name":"wp","href":"https:\/\/api.w.org\/{rel}","templated":true}]}}