{"id":363,"date":"2025-10-09T12:04:03","date_gmt":"2025-10-09T10:04:03","guid":{"rendered":"https:\/\/actionmall.act.at\/shop\/132\/?post_type=product&#038;p=363"},"modified":"2026-04-09T13:01:33","modified_gmt":"2026-04-09T11:01:33","slug":"sofa-beige","status":"publish","type":"product","link":"https:\/\/actionmall.act.at\/shop\/132\/en\/produkt\/sofa-beige\/","title":{"rendered":"Sofa beige"},"content":{"rendered":"<p>Modernes 3-Sitzer Sofa in der Gr\u00f6\u00dfe 210 x 85 x 78 cm.<\/p>\n<p>Farbe: Beige<\/p>\n<p>Material: Stoffbezug mit Holzf\u00fc\u00dfen<\/p>\n<p>Das Sofa bietet durch seine weichen Polsterungen hohen Sitzkomfort und eignet sich ideal f\u00fcr Wohnzimmer, Loungebereiche oder Wartezimmer.<\/p>\n","protected":false},"excerpt":{"rendered":"<p>Modernes 3-Sitzer Sofa in der Gr\u00f6\u00dfe 210 x 85 x 78 cm. Farbe: Beige Material: Stoffbezug mit Holzf\u00fc\u00dfen Das Sofa bietet durch seine weichen Polsterungen hohen Sitzkomfort und eignet sich ideal f\u00fcr Wohnzimmer, Loungebereiche oder Wartezimmer.<\/p>\n","protected":false},"featured_media":460,"template":"","meta":[],"product_cat":[34],"product_tag":[],"class_list":{"0":"post-363","1":"product","2":"type-product","3":"status-publish","4":"has-post-thumbnail","6":"product_cat-autos-und-fahrzeuge","8":"first","9":"instock","10":"taxable","11":"shipping-taxable","12":"purchasable","13":"product-type-simple"},"_links":{"self":[{"href":"https:\/\/actionmall.act.at\/shop\/132\/en\/wp-json\/wp\/v2\/product\/363"}],"collection":[{"href":"https:\/\/actionmall.act.at\/shop\/132\/en\/wp-json\/wp\/v2\/product"}],"about":[{"href":"https:\/\/actionmall.act.at\/shop\/132\/en\/wp-json\/wp\/v2\/types\/product"}],"wp:featuredmedia":[{"embeddable":true,"href":"https:\/\/actionmall.act.at\/shop\/132\/en\/wp-json\/wp\/v2\/media\/460"}],"wp:attachment":[{"href":"https:\/\/actionmall.act.at\/shop\/132\/en\/wp-json\/wp\/v2\/media?parent=363"}],"wp:term":[{"taxonomy":"product_cat","embeddable":true,"href":"https:\/\/actionmall.act.at\/shop\/132\/en\/wp-json\/wp\/v2\/product_cat?post=363"},{"taxonomy":"product_tag","embeddable":true,"href":"https:\/\/actionmall.act.at\/shop\/132\/en\/wp-json\/wp\/v2\/product_tag?post=363"}],"curies":[{"name":"wp","href":"https:\/\/api.w.org\/{rel}","templated":true}]}}