{"id":364,"date":"2025-10-09T12:05:07","date_gmt":"2025-10-09T10:05:07","guid":{"rendered":"https:\/\/actionmall.act.at\/shop\/132\/?post_type=product&#038;p=364"},"modified":"2026-04-09T13:01:00","modified_gmt":"2026-04-09T11:01:00","slug":"imbusschluessel-set","status":"publish","type":"product","link":"https:\/\/actionmall.act.at\/shop\/132\/en\/produkt\/imbusschluessel-set\/","title":{"rendered":"Imbusschl\u00fcssel-Set"},"content":{"rendered":"<p>Robustes Set aus hochwertigem Stahl mit Imbusschl\u00fcsseln in den Gr\u00f6\u00dfen 1,5 &#8211; 10 mm. Durch die praktische Halterung sind die Schl\u00fcssel stets geordnet und griffbereit. Ideal f\u00fcr pr\u00e4zises Arbeiten im Haushalt, in der Werkstatt oder f\u00fcr den professionellen Einsatz.<\/p>\n","protected":false},"excerpt":{"rendered":"<p>Robustes Set aus hochwertigem Stahl mit Imbusschl\u00fcsseln in den Gr\u00f6\u00dfen 1,5 &#8211; 10 mm. Durch die praktische Halterung sind die Schl\u00fcssel stets geordnet und griffbereit. Ideal f\u00fcr pr\u00e4zises Arbeiten im Haushalt, in der Werkstatt oder f\u00fcr den professionellen Einsatz.<\/p>\n","protected":false},"featured_media":441,"template":"","meta":[],"product_cat":[34],"product_tag":[],"class_list":{"0":"post-364","1":"product","2":"type-product","3":"status-publish","4":"has-post-thumbnail","6":"product_cat-autos-und-fahrzeuge","8":"first","9":"instock","10":"taxable","11":"shipping-taxable","12":"purchasable","13":"product-type-simple"},"_links":{"self":[{"href":"https:\/\/actionmall.act.at\/shop\/132\/en\/wp-json\/wp\/v2\/product\/364"}],"collection":[{"href":"https:\/\/actionmall.act.at\/shop\/132\/en\/wp-json\/wp\/v2\/product"}],"about":[{"href":"https:\/\/actionmall.act.at\/shop\/132\/en\/wp-json\/wp\/v2\/types\/product"}],"wp:featuredmedia":[{"embeddable":true,"href":"https:\/\/actionmall.act.at\/shop\/132\/en\/wp-json\/wp\/v2\/media\/441"}],"wp:attachment":[{"href":"https:\/\/actionmall.act.at\/shop\/132\/en\/wp-json\/wp\/v2\/media?parent=364"}],"wp:term":[{"taxonomy":"product_cat","embeddable":true,"href":"https:\/\/actionmall.act.at\/shop\/132\/en\/wp-json\/wp\/v2\/product_cat?post=364"},{"taxonomy":"product_tag","embeddable":true,"href":"https:\/\/actionmall.act.at\/shop\/132\/en\/wp-json\/wp\/v2\/product_tag?post=364"}],"curies":[{"name":"wp","href":"https:\/\/api.w.org\/{rel}","templated":true}]}}