{"id":488,"date":"2026-05-07T12:29:08","date_gmt":"2026-05-07T10:29:08","guid":{"rendered":"https:\/\/actionmall.act.at\/shop\/132\/?post_type=product&#038;p=488"},"modified":"2026-05-07T12:29:08","modified_gmt":"2026-05-07T10:29:08","slug":"akkuschrauber-zubehoer-koffer","status":"publish","type":"product","link":"https:\/\/actionmall.act.at\/shop\/132\/en\/produkt\/akkuschrauber-zubehoer-koffer\/","title":{"rendered":"Akkuschrauber-Zubeh\u00f6r-Koffer"},"content":{"rendered":"<p>Der Akkuschrauber-Zubeh\u00f6r-Koffer hat eine gro\u00dfe Auswahl an Zubeh\u00f6r!<br \/>\nGut geeignet f\u00fcr jeden Handwerker!<\/p>\n","protected":false},"excerpt":{"rendered":"<p>Der Akkuschrauber-Zubeh\u00f6r-Koffer hat eine gro\u00dfe Auswahl an Zubeh\u00f6r! Gut geeignet f\u00fcr jeden Handwerker!<\/p>\n","protected":false},"featured_media":421,"template":"","meta":[],"product_cat":[62],"product_tag":[],"class_list":{"0":"post-488","1":"product","2":"type-product","3":"status-publish","4":"has-post-thumbnail","6":"product_cat-technische-infrastruktur-industrie","8":"first","9":"instock","10":"taxable","11":"shipping-taxable","12":"purchasable","13":"product-type-simple"},"_links":{"self":[{"href":"https:\/\/actionmall.act.at\/shop\/132\/en\/wp-json\/wp\/v2\/product\/488"}],"collection":[{"href":"https:\/\/actionmall.act.at\/shop\/132\/en\/wp-json\/wp\/v2\/product"}],"about":[{"href":"https:\/\/actionmall.act.at\/shop\/132\/en\/wp-json\/wp\/v2\/types\/product"}],"wp:featuredmedia":[{"embeddable":true,"href":"https:\/\/actionmall.act.at\/shop\/132\/en\/wp-json\/wp\/v2\/media\/421"}],"wp:attachment":[{"href":"https:\/\/actionmall.act.at\/shop\/132\/en\/wp-json\/wp\/v2\/media?parent=488"}],"wp:term":[{"taxonomy":"product_cat","embeddable":true,"href":"https:\/\/actionmall.act.at\/shop\/132\/en\/wp-json\/wp\/v2\/product_cat?post=488"},{"taxonomy":"product_tag","embeddable":true,"href":"https:\/\/actionmall.act.at\/shop\/132\/en\/wp-json\/wp\/v2\/product_tag?post=488"}],"curies":[{"name":"wp","href":"https:\/\/api.w.org\/{rel}","templated":true}]}}