{"id":258,"date":"2024-11-19T14:54:47","date_gmt":"2024-11-19T13:54:47","guid":{"rendered":"https:\/\/actionmall.act.at\/shop\/132\/?post_type=product&#038;p=258"},"modified":"2026-04-09T13:07:13","modified_gmt":"2026-04-09T11:07:13","slug":"fenstersauger","status":"publish","type":"product","link":"https:\/\/actionmall.act.at\/shop\/132\/produkt\/fenstersauger\/","title":{"rendered":"Fenstersauger"},"content":{"rendered":"<div data-v-6e29cf54=\"\" data-v-7e7cd358=\"\">\n<p>Der Akku-Fenstersauger sorgt f\u00fcr eine schnelle, streifenfreie Reinigung von Fenstern und glatten Oberfl\u00e4chen wie Spiegeln, Fliesen und Glast\u00fcren.<\/p>\n<p>Dank der\u00a0<strong>elektrischen Absaugfunktion<\/strong>\u00a0wird Tropfenbildung vermieden und Sie arbeiten dreimal schneller als mit herk\u00f6mmlichen Methoden.<\/p>\n<p>Der 100-ml-Schmutzwassertank l\u00e4sst sich leicht entleeren, und eine Akkuladung reicht f\u00fcr bis zu 35 Fenster oder 105 m\u00b2 Fl\u00e4che. Ideal f\u00fcr eine gr\u00fcndliche Hausreinigung.<\/p>\n<\/div>\n<div class=\"item-carousel\" data-v-11d9cf68=\"\" data-v-6e29cf54=\"\" data-v-7e7cd358=\"\">\n<div class=\"row no-gutters align-items-center\" data-v-11d9cf68=\"\">\n<div class=\"col carousel-arrow disabled\" data-v-11d9cf68=\"\"><\/div>\n<\/div>\n<\/div>\n","protected":false},"excerpt":{"rendered":"<p>Der Akku-Fenstersauger sorgt f\u00fcr eine schnelle, streifenfreie Reinigung von Fenstern und glatten Oberfl\u00e4chen wie Spiegeln, Fliesen und Glast\u00fcren. Dank der\u00a0elektrischen Absaugfunktion\u00a0wird Tropfenbildung vermieden und Sie arbeiten dreimal schneller als mit herk\u00f6mmlichen Methoden. Der 100-ml-Schmutzwassertank l\u00e4sst sich leicht entleeren, und eine Akkuladung reicht f\u00fcr bis zu 35 Fenster oder 105 m\u00b2 Fl\u00e4che. Ideal f\u00fcr eine gr\u00fcndliche [&hellip;]<\/p>\n","protected":false},"featured_media":434,"template":"","meta":[],"product_cat":[34],"product_tag":[],"class_list":{"0":"post-258","1":"product","2":"type-product","3":"status-publish","4":"has-post-thumbnail","6":"product_cat-autos-und-fahrzeuge","8":"first","9":"instock","10":"taxable","11":"shipping-taxable","12":"purchasable","13":"product-type-simple"},"_links":{"self":[{"href":"https:\/\/actionmall.act.at\/shop\/132\/wp-json\/wp\/v2\/product\/258"}],"collection":[{"href":"https:\/\/actionmall.act.at\/shop\/132\/wp-json\/wp\/v2\/product"}],"about":[{"href":"https:\/\/actionmall.act.at\/shop\/132\/wp-json\/wp\/v2\/types\/product"}],"wp:featuredmedia":[{"embeddable":true,"href":"https:\/\/actionmall.act.at\/shop\/132\/wp-json\/wp\/v2\/media\/434"}],"wp:attachment":[{"href":"https:\/\/actionmall.act.at\/shop\/132\/wp-json\/wp\/v2\/media?parent=258"}],"wp:term":[{"taxonomy":"product_cat","embeddable":true,"href":"https:\/\/actionmall.act.at\/shop\/132\/wp-json\/wp\/v2\/product_cat?post=258"},{"taxonomy":"product_tag","embeddable":true,"href":"https:\/\/actionmall.act.at\/shop\/132\/wp-json\/wp\/v2\/product_tag?post=258"}],"curies":[{"name":"wp","href":"https:\/\/api.w.org\/{rel}","templated":true}]}}