{"id":273,"date":"2024-11-26T15:36:02","date_gmt":"2024-11-26T14:36:02","guid":{"rendered":"https:\/\/actionmall.act.at\/shop\/132\/?post_type=product&#038;p=273"},"modified":"2025-03-11T15:05:02","modified_gmt":"2025-03-11T14:05:02","slug":"motorsaege","status":"publish","type":"product","link":"https:\/\/actionmall.act.at\/shop\/132\/produkt\/motorsaege\/","title":{"rendered":"Motors\u00e4ge"},"content":{"rendered":"<p><span data-contrast=\"auto\"><strong>Kraftvoll<\/strong> und <strong>leistungsstark<\/strong>: Die Husqvarna 550 XP ist die ideale Kettens\u00e4ge, welche f\u00fcr die Forstarbeit entwickelt wurde. Mit einer au\u00dfergew\u00f6hnlichen Schnittleistung in Verbindung mit einer immensen Beschleunigung und Drehmoment, bringt die S\u00e4ge in jeder Umgebung ihre beste Leistung.\u00a0<\/span><span data-ccp-props=\"{}\">\u00a0<\/span><\/p>\n<p><b><span data-contrast=\"auto\">Technische Daten:<\/span><\/b><span data-ccp-props=\"{\">\u00a0<\/span><\/p>\n<p><span data-contrast=\"auto\">Hubraum: 50,1 cm\u00b3<\/span><span data-ccp-props=\"{\">\u00a0<\/span><\/p>\n<p><span data-contrast=\"auto\">Leistung: 3 kW (4,1 PS)<\/span><span data-ccp-props=\"{\">\u00a0<\/span><\/p>\n<p><span data-contrast=\"auto\">Gewicht: 5,3 kg (excl. Schneidausr\u00fcstung)<\/span><span data-ccp-props=\"{\">\u00a0<\/span><\/p>\n<p><span data-contrast=\"auto\">Kettenteilung: 0.325 , 1,3mm<\/span><span data-ccp-props=\"{\">\u00a0<\/span><\/p>\n<p><span data-contrast=\"auto\">Empfohlene Schienenl\u00e4nge, Min.\u2013 Max.: 13-20&#8243;<\/span><span data-ccp-props=\"{\">\u00a0<\/span><\/p>\n","protected":false},"excerpt":{"rendered":"<p>Kraftvoll und leistungsstark: Die Husqvarna 550 XP ist die ideale Kettens\u00e4ge, welche f\u00fcr die Forstarbeit entwickelt wurde. Mit einer au\u00dfergew\u00f6hnlichen Schnittleistung in Verbindung mit einer immensen Beschleunigung und Drehmoment, bringt die S\u00e4ge in jeder Umgebung ihre beste Leistung.\u00a0\u00a0 Technische Daten:\u00a0 Hubraum: 50,1 cm\u00b3\u00a0 Leistung: 3 kW (4,1 PS)\u00a0 Gewicht: 5,3 kg (excl. Schneidausr\u00fcstung)\u00a0 Kettenteilung: 0.325 [&hellip;]<\/p>\n","protected":false},"featured_media":274,"template":"","meta":[],"product_cat":[],"product_tag":[],"class_list":{"0":"post-273","1":"product","2":"type-product","3":"status-publish","4":"has-post-thumbnail","7":"first","8":"instock","9":"taxable","10":"shipping-taxable","11":"purchasable","12":"product-type-simple"},"_links":{"self":[{"href":"https:\/\/actionmall.act.at\/shop\/132\/wp-json\/wp\/v2\/product\/273"}],"collection":[{"href":"https:\/\/actionmall.act.at\/shop\/132\/wp-json\/wp\/v2\/product"}],"about":[{"href":"https:\/\/actionmall.act.at\/shop\/132\/wp-json\/wp\/v2\/types\/product"}],"wp:featuredmedia":[{"embeddable":true,"href":"https:\/\/actionmall.act.at\/shop\/132\/wp-json\/wp\/v2\/media\/274"}],"wp:attachment":[{"href":"https:\/\/actionmall.act.at\/shop\/132\/wp-json\/wp\/v2\/media?parent=273"}],"wp:term":[{"taxonomy":"product_cat","embeddable":true,"href":"https:\/\/actionmall.act.at\/shop\/132\/wp-json\/wp\/v2\/product_cat?post=273"},{"taxonomy":"product_tag","embeddable":true,"href":"https:\/\/actionmall.act.at\/shop\/132\/wp-json\/wp\/v2\/product_tag?post=273"}],"curies":[{"name":"wp","href":"https:\/\/api.w.org\/{rel}","templated":true}]}}