{"id":286,"date":"2024-12-03T15:23:34","date_gmt":"2024-12-03T14:23:34","guid":{"rendered":"https:\/\/actionmall.act.at\/shop\/132\/?post_type=product&#038;p=286"},"modified":"2025-03-11T15:05:49","modified_gmt":"2025-03-11T14:05:49","slug":"steckschluesselset","status":"publish","type":"product","link":"https:\/\/actionmall.act.at\/shop\/132\/produkt\/steckschluesselset\/","title":{"rendered":"Steckschl\u00fcsselset"},"content":{"rendered":"<p><span data-contrast=\"auto\">Unser 11-teiliges Steckschl\u00fcssel-Set ist die ideale Wahl f\u00fcr Heimwerker und Profis, die Wert auf Qualit\u00e4t und Funktionalit\u00e4t legen. Dieses Set bietet alles, was Sie f\u00fcr kleinere Reparaturen und pr\u00e4zise Arbeiten ben\u00f6tigen.<\/span><span data-ccp-props=\"{}\">\u00a0<\/span><\/p>\n<p>&nbsp;<\/p>\n<p><span data-contrast=\"auto\">Eigenschaften:<\/span><span data-ccp-props=\"{}\">\u00a0<\/span><\/p>\n<ul>\n<li data-leveltext=\"\uf0b7\" data-font=\"Symbol\" data-listid=\"2\" data-list-defn-props=\"{\"335552541\":1,\"335559685\":720,\"335559991\":360,\"469769226\":\"Symbol\",\"469769242\":[8226],\"469777803\":\"left\",\"469777804\":\"\uf0b7\",\"469777815\":\"hybridMultilevel\"}\" data-aria-posinset=\"1\" data-aria-level=\"1\"><span data-contrast=\"auto\">11-teiliges Set: Enthalten Steckn\u00fcsse und eine Ratsche in verschiedenen Gr\u00f6\u00dfen (8 mm \u2013 21 mm).<\/span><span data-ccp-props=\"{}\">\u00a0<\/span><\/li>\n<\/ul>\n<ul>\n<li data-leveltext=\"\uf0b7\" data-font=\"Symbol\" data-listid=\"2\" data-list-defn-props=\"{\"335552541\":1,\"335559685\":720,\"335559991\":360,\"469769226\":\"Symbol\",\"469769242\":[8226],\"469777803\":\"left\",\"469777804\":\"\uf0b7\",\"469777815\":\"hybridMultilevel\"}\" data-aria-posinset=\"2\" data-aria-level=\"1\"><span data-contrast=\"auto\">Robustes Material: Hergestellt aus hochwertigem Chrom-Vanadium-Stahl, f\u00fcr maximale Haltbarkeit und Korrosionsbest\u00e4ndigkeit.<\/span><span data-ccp-props=\"{}\">\u00a0<\/span><\/li>\n<\/ul>\n<ul>\n<li data-leveltext=\"\uf0b7\" data-font=\"Symbol\" data-listid=\"2\" data-list-defn-props=\"{\"335552541\":1,\"335559685\":720,\"335559991\":360,\"469769226\":\"Symbol\",\"469769242\":[8226],\"469777803\":\"left\",\"469777804\":\"\uf0b7\",\"469777815\":\"hybridMultilevel\"}\" data-aria-posinset=\"3\" data-aria-level=\"1\"><span data-contrast=\"auto\">Komfortable Handhabung: Die Ratsche ist mit einem ergonomischen, rutschfesten Griff ausgestattet, der komfortables und sicheres Arbeiten erm\u00f6glicht.<\/span><span data-ccp-props=\"{}\">\u00a0<\/span><\/li>\n<\/ul>\n<ul>\n<li data-leveltext=\"\uf0b7\" data-font=\"Symbol\" data-listid=\"2\" data-list-defn-props=\"{\"335552541\":1,\"335559685\":720,\"335559991\":360,\"469769226\":\"Symbol\",\"469769242\":[8226],\"469777803\":\"left\",\"469777804\":\"\uf0b7\",\"469777815\":\"hybridMultilevel\"}\" data-aria-posinset=\"4\" data-aria-level=\"1\"><span data-contrast=\"auto\">Platzsparendes Design: Alle Teile sind \u00fcbersichtlich in einem kompakten Koffer angeordnet, der leicht transportiert werden kann.<\/span><span data-ccp-props=\"{}\">\u00a0<\/span><\/li>\n<\/ul>\n<ul>\n<li data-leveltext=\"\uf0b7\" data-font=\"Symbol\" data-listid=\"2\" data-list-defn-props=\"{\"335552541\":1,\"335559685\":720,\"335559991\":360,\"469769226\":\"Symbol\",\"469769242\":[8226],\"469777803\":\"left\",\"469777804\":\"\uf0b7\",\"469777815\":\"hybridMultilevel\"}\" data-aria-posinset=\"5\" data-aria-level=\"1\"><span data-contrast=\"auto\">Vielseitig einsetzbar: Geeignet f\u00fcr eine Vielzahl von Anwendungen, von KFZ-Reparaturen bis hin zu Haushaltsprojekten.<\/span><span data-ccp-props=\"{}\">\u00a0<\/span><\/li>\n<\/ul>\n","protected":false},"excerpt":{"rendered":"<p>Unser 11-teiliges Steckschl\u00fcssel-Set ist die ideale Wahl f\u00fcr Heimwerker und Profis, die Wert auf Qualit\u00e4t und Funktionalit\u00e4t legen. Dieses Set bietet alles, was Sie f\u00fcr kleinere Reparaturen und pr\u00e4zise Arbeiten ben\u00f6tigen.\u00a0 &nbsp; Eigenschaften:\u00a0 11-teiliges Set: Enthalten Steckn\u00fcsse und eine Ratsche in verschiedenen Gr\u00f6\u00dfen (8 mm \u2013 21 mm).\u00a0 Robustes Material: Hergestellt aus hochwertigem Chrom-Vanadium-Stahl, f\u00fcr [&hellip;]<\/p>\n","protected":false},"featured_media":287,"template":"","meta":[],"product_cat":[],"product_tag":[],"class_list":{"0":"post-286","1":"product","2":"type-product","3":"status-publish","4":"has-post-thumbnail","7":"first","8":"instock","9":"taxable","10":"shipping-taxable","11":"purchasable","12":"product-type-simple"},"_links":{"self":[{"href":"https:\/\/actionmall.act.at\/shop\/132\/wp-json\/wp\/v2\/product\/286"}],"collection":[{"href":"https:\/\/actionmall.act.at\/shop\/132\/wp-json\/wp\/v2\/product"}],"about":[{"href":"https:\/\/actionmall.act.at\/shop\/132\/wp-json\/wp\/v2\/types\/product"}],"wp:featuredmedia":[{"embeddable":true,"href":"https:\/\/actionmall.act.at\/shop\/132\/wp-json\/wp\/v2\/media\/287"}],"wp:attachment":[{"href":"https:\/\/actionmall.act.at\/shop\/132\/wp-json\/wp\/v2\/media?parent=286"}],"wp:term":[{"taxonomy":"product_cat","embeddable":true,"href":"https:\/\/actionmall.act.at\/shop\/132\/wp-json\/wp\/v2\/product_cat?post=286"},{"taxonomy":"product_tag","embeddable":true,"href":"https:\/\/actionmall.act.at\/shop\/132\/wp-json\/wp\/v2\/product_tag?post=286"}],"curies":[{"name":"wp","href":"https:\/\/api.w.org\/{rel}","templated":true}]}}