{"id":288,"date":"2024-12-03T15:46:09","date_gmt":"2024-12-03T14:46:09","guid":{"rendered":"https:\/\/actionmall.act.at\/shop\/132\/?post_type=product&#038;p=288"},"modified":"2025-05-13T14:23:07","modified_gmt":"2025-05-13T12:23:07","slug":"fairtrade-rosenstrauss","status":"publish","type":"product","link":"https:\/\/actionmall.act.at\/shop\/132\/produkt\/fairtrade-rosenstrauss\/","title":{"rendered":"Fairtrade Rosenstrau\u00df"},"content":{"rendered":"<p>Verleihen Sie besonderen Momenten eine nachhaltige Note mit unserem wundersch\u00f6nen Fairtrade Rosenstrau\u00df. Er enth\u00e4lt eine harmonische Mischung aus roten, rosa und wei\u00dfen Rosen, die unter fairen Arbeitsbedingungen angebaut wurden. Perfekt arrangiert und in umweltfreundlicher Verpackung geliefert, verbindet dieser Strau\u00df Eleganz und Verantwortungsbewusstsein. Ideal f\u00fcr Geschenke oder als stilvolle Dekoration.<\/p>\n","protected":false},"excerpt":{"rendered":"<p>Verleihen Sie besonderen Momenten eine nachhaltige Note mit unserem wundersch\u00f6nen Fairtrade Rosenstrau\u00df. Er enth\u00e4lt eine harmonische Mischung aus roten, rosa und wei\u00dfen Rosen, die unter fairen Arbeitsbedingungen angebaut wurden. Perfekt arrangiert und in umweltfreundlicher Verpackung geliefert, verbindet dieser Strau\u00df Eleganz und Verantwortungsbewusstsein. Ideal f\u00fcr Geschenke oder als stilvolle Dekoration.<\/p>\n","protected":false},"featured_media":289,"template":"","meta":[],"product_cat":[],"product_tag":[],"class_list":{"0":"post-288","1":"product","2":"type-product","3":"status-publish","4":"has-post-thumbnail","7":"first","8":"instock","9":"taxable","10":"shipping-taxable","11":"purchasable","12":"product-type-simple"},"_links":{"self":[{"href":"https:\/\/actionmall.act.at\/shop\/132\/wp-json\/wp\/v2\/product\/288"}],"collection":[{"href":"https:\/\/actionmall.act.at\/shop\/132\/wp-json\/wp\/v2\/product"}],"about":[{"href":"https:\/\/actionmall.act.at\/shop\/132\/wp-json\/wp\/v2\/types\/product"}],"wp:featuredmedia":[{"embeddable":true,"href":"https:\/\/actionmall.act.at\/shop\/132\/wp-json\/wp\/v2\/media\/289"}],"wp:attachment":[{"href":"https:\/\/actionmall.act.at\/shop\/132\/wp-json\/wp\/v2\/media?parent=288"}],"wp:term":[{"taxonomy":"product_cat","embeddable":true,"href":"https:\/\/actionmall.act.at\/shop\/132\/wp-json\/wp\/v2\/product_cat?post=288"},{"taxonomy":"product_tag","embeddable":true,"href":"https:\/\/actionmall.act.at\/shop\/132\/wp-json\/wp\/v2\/product_tag?post=288"}],"curies":[{"name":"wp","href":"https:\/\/api.w.org\/{rel}","templated":true}]}}