{"id":480,"date":"2026-05-07T12:15:32","date_gmt":"2026-05-07T10:15:32","guid":{"rendered":"https:\/\/actionmall.act.at\/shop\/132\/?post_type=product&#038;p=480"},"modified":"2026-05-07T12:15:32","modified_gmt":"2026-05-07T10:15:32","slug":"teefilterbeutel","status":"publish","type":"product","link":"https:\/\/actionmall.act.at\/shop\/132\/produkt\/teefilterbeutel\/","title":{"rendered":"Teefilterbeutel"},"content":{"rendered":"<p>Mit hochgezogener Lasche f\u00fcr leichtes Einf\u00fcllen. Kein zus\u00e4tzlicher Filter<br \/>\nhalter notwendig. Die Teefilterbeutel sind biologisch abbaubar und un<br \/>\ngebleicht.<br \/>\nAus Manilahanf, Cellulose und Siegelfasern ohne Klebstoff hergestellt.<br \/>\nMa\u00dfe: ca. 13,5 x 8 cm<br \/>\nVerkaufspreis pro Packung<br \/>\n(100 St\u00fcck)<\/p>\n","protected":false},"excerpt":{"rendered":"<p>Mit hochgezogener Lasche f\u00fcr leichtes Einf\u00fcllen. Kein zus\u00e4tzlicher Filter halter notwendig. Die Teefilterbeutel sind biologisch abbaubar und un gebleicht. Aus Manilahanf, Cellulose und Siegelfasern ohne Klebstoff hergestellt. Ma\u00dfe: ca. 13,5 x 8 cm Verkaufspreis pro Packung (100 St\u00fcck)<\/p>\n","protected":false},"featured_media":464,"template":"","meta":[],"product_cat":[44],"product_tag":[],"class_list":{"0":"post-480","1":"product","2":"type-product","3":"status-publish","4":"has-post-thumbnail","6":"product_cat-essen-und-trinken","8":"first","9":"instock","10":"taxable","11":"shipping-taxable","12":"purchasable","13":"product-type-simple"},"_links":{"self":[{"href":"https:\/\/actionmall.act.at\/shop\/132\/wp-json\/wp\/v2\/product\/480"}],"collection":[{"href":"https:\/\/actionmall.act.at\/shop\/132\/wp-json\/wp\/v2\/product"}],"about":[{"href":"https:\/\/actionmall.act.at\/shop\/132\/wp-json\/wp\/v2\/types\/product"}],"wp:featuredmedia":[{"embeddable":true,"href":"https:\/\/actionmall.act.at\/shop\/132\/wp-json\/wp\/v2\/media\/464"}],"wp:attachment":[{"href":"https:\/\/actionmall.act.at\/shop\/132\/wp-json\/wp\/v2\/media?parent=480"}],"wp:term":[{"taxonomy":"product_cat","embeddable":true,"href":"https:\/\/actionmall.act.at\/shop\/132\/wp-json\/wp\/v2\/product_cat?post=480"},{"taxonomy":"product_tag","embeddable":true,"href":"https:\/\/actionmall.act.at\/shop\/132\/wp-json\/wp\/v2\/product_tag?post=480"}],"curies":[{"name":"wp","href":"https:\/\/api.w.org\/{rel}","templated":true}]}}