{"id":485,"date":"2026-05-07T12:24:24","date_gmt":"2026-05-07T10:24:24","guid":{"rendered":"https:\/\/actionmall.act.at\/shop\/132\/?post_type=product&#038;p=485"},"modified":"2026-05-07T12:24:24","modified_gmt":"2026-05-07T10:24:24","slug":"schraubenschluessel","status":"publish","type":"product","link":"https:\/\/actionmall.act.at\/shop\/132\/produkt\/schraubenschluessel\/","title":{"rendered":"Schraubenschl\u00fcssel"},"content":{"rendered":"<p>Der 3-teilige LUX-TOOLS Gabelschl\u00fcssel Satz besteht aus den Gr\u00f6\u00dfen 14 mm, 15 mm, 16 mm. Die Schl\u00fcssel werden aus Chrom-Vanadium Stahl im Gesenk geschmiedet und anschlie\u00dfend geh\u00e4rtet.<\/p>\n","protected":false},"excerpt":{"rendered":"<p>Der 3-teilige LUX-TOOLS Gabelschl\u00fcssel Satz besteht aus den Gr\u00f6\u00dfen 14 mm, 15 mm, 16 mm. Die Schl\u00fcssel werden aus Chrom-Vanadium Stahl im Gesenk geschmiedet und anschlie\u00dfend geh\u00e4rtet.<\/p>\n","protected":false},"featured_media":459,"template":"","meta":[],"product_cat":[62],"product_tag":[],"class_list":{"0":"post-485","1":"product","2":"type-product","3":"status-publish","4":"has-post-thumbnail","6":"product_cat-technische-infrastruktur-industrie","8":"first","9":"instock","10":"taxable","11":"shipping-taxable","12":"purchasable","13":"product-type-simple"},"_links":{"self":[{"href":"https:\/\/actionmall.act.at\/shop\/132\/wp-json\/wp\/v2\/product\/485"}],"collection":[{"href":"https:\/\/actionmall.act.at\/shop\/132\/wp-json\/wp\/v2\/product"}],"about":[{"href":"https:\/\/actionmall.act.at\/shop\/132\/wp-json\/wp\/v2\/types\/product"}],"wp:featuredmedia":[{"embeddable":true,"href":"https:\/\/actionmall.act.at\/shop\/132\/wp-json\/wp\/v2\/media\/459"}],"wp:attachment":[{"href":"https:\/\/actionmall.act.at\/shop\/132\/wp-json\/wp\/v2\/media?parent=485"}],"wp:term":[{"taxonomy":"product_cat","embeddable":true,"href":"https:\/\/actionmall.act.at\/shop\/132\/wp-json\/wp\/v2\/product_cat?post=485"},{"taxonomy":"product_tag","embeddable":true,"href":"https:\/\/actionmall.act.at\/shop\/132\/wp-json\/wp\/v2\/product_tag?post=485"}],"curies":[{"name":"wp","href":"https:\/\/api.w.org\/{rel}","templated":true}]}}