{"id":493,"date":"2026-05-07T12:36:04","date_gmt":"2026-05-07T10:36:04","guid":{"rendered":"https:\/\/actionmall.act.at\/shop\/132\/?post_type=product&#038;p=493"},"modified":"2026-05-07T12:36:04","modified_gmt":"2026-05-07T10:36:04","slug":"vogelhaeuschen","status":"publish","type":"product","link":"https:\/\/actionmall.act.at\/shop\/132\/produkt\/vogelhaeuschen\/","title":{"rendered":"Vogelh\u00e4uschen"},"content":{"rendered":"<p>F\u00fcr unsere Naturliebhaber ist unser Vogelh\u00e4uschen genau das Richtige.<\/p>\n","protected":false},"excerpt":{"rendered":"<p>F\u00fcr unsere Naturliebhaber ist unser Vogelh\u00e4uschen genau das Richtige.<\/p>\n","protected":false},"featured_media":466,"template":"","meta":[],"product_cat":[42],"product_tag":[],"class_list":{"0":"post-493","1":"product","2":"type-product","3":"status-publish","4":"has-post-thumbnail","6":"product_cat-immobilien-heim-und-garten","8":"first","9":"instock","10":"taxable","11":"shipping-taxable","12":"purchasable","13":"product-type-simple"},"_links":{"self":[{"href":"https:\/\/actionmall.act.at\/shop\/132\/wp-json\/wp\/v2\/product\/493"}],"collection":[{"href":"https:\/\/actionmall.act.at\/shop\/132\/wp-json\/wp\/v2\/product"}],"about":[{"href":"https:\/\/actionmall.act.at\/shop\/132\/wp-json\/wp\/v2\/types\/product"}],"wp:featuredmedia":[{"embeddable":true,"href":"https:\/\/actionmall.act.at\/shop\/132\/wp-json\/wp\/v2\/media\/466"}],"wp:attachment":[{"href":"https:\/\/actionmall.act.at\/shop\/132\/wp-json\/wp\/v2\/media?parent=493"}],"wp:term":[{"taxonomy":"product_cat","embeddable":true,"href":"https:\/\/actionmall.act.at\/shop\/132\/wp-json\/wp\/v2\/product_cat?post=493"},{"taxonomy":"product_tag","embeddable":true,"href":"https:\/\/actionmall.act.at\/shop\/132\/wp-json\/wp\/v2\/product_tag?post=493"}],"curies":[{"name":"wp","href":"https:\/\/api.w.org\/{rel}","templated":true}]}}