{"id":494,"date":"2026-05-07T12:37:42","date_gmt":"2026-05-07T10:37:42","guid":{"rendered":"https:\/\/actionmall.act.at\/shop\/132\/?post_type=product&#038;p=494"},"modified":"2026-05-07T12:37:42","modified_gmt":"2026-05-07T10:37:42","slug":"rasenmaeher-roboter","status":"publish","type":"product","link":"https:\/\/actionmall.act.at\/shop\/132\/produkt\/rasenmaeher-roboter\/","title":{"rendered":"Rasenm\u00e4her Roboter"},"content":{"rendered":"<p>Der Rasenm\u00e4hroboter ist nicht ferngesteuert, sondern er m\u00e4ht selbst\u00e4ndig die vorgegebene Fl\u00e4che. Er arbeitet autonom. Der gr\u00f6\u00dfte Vorteil eines M\u00e4hroboters ist die Zeitersparnis. Das Rasenm\u00e4hen \u00fcbernimmt der Roboter und Sie k\u00f6nnen am Samstag die F\u00fc\u00dfe hochlegen. Auch wenn Sie im Urlaub sind, pflegt der kleine Helfer den Rasen.<\/p>\n","protected":false},"excerpt":{"rendered":"<p>Der Rasenm\u00e4hroboter ist nicht ferngesteuert, sondern er m\u00e4ht selbst\u00e4ndig die vorgegebene Fl\u00e4che. Er arbeitet autonom. Der gr\u00f6\u00dfte Vorteil eines M\u00e4hroboters ist die Zeitersparnis. Das Rasenm\u00e4hen \u00fcbernimmt der Roboter und Sie k\u00f6nnen am Samstag die F\u00fc\u00dfe hochlegen. Auch wenn Sie im Urlaub sind, pflegt der kleine Helfer den Rasen.<\/p>\n","protected":false},"featured_media":455,"template":"","meta":[],"product_cat":[42,62],"product_tag":[],"class_list":{"0":"post-494","1":"product","2":"type-product","3":"status-publish","4":"has-post-thumbnail","6":"product_cat-immobilien-heim-und-garten","7":"product_cat-technische-infrastruktur-industrie","9":"first","10":"instock","11":"taxable","12":"shipping-taxable","13":"purchasable","14":"product-type-simple"},"_links":{"self":[{"href":"https:\/\/actionmall.act.at\/shop\/132\/wp-json\/wp\/v2\/product\/494"}],"collection":[{"href":"https:\/\/actionmall.act.at\/shop\/132\/wp-json\/wp\/v2\/product"}],"about":[{"href":"https:\/\/actionmall.act.at\/shop\/132\/wp-json\/wp\/v2\/types\/product"}],"wp:featuredmedia":[{"embeddable":true,"href":"https:\/\/actionmall.act.at\/shop\/132\/wp-json\/wp\/v2\/media\/455"}],"wp:attachment":[{"href":"https:\/\/actionmall.act.at\/shop\/132\/wp-json\/wp\/v2\/media?parent=494"}],"wp:term":[{"taxonomy":"product_cat","embeddable":true,"href":"https:\/\/actionmall.act.at\/shop\/132\/wp-json\/wp\/v2\/product_cat?post=494"},{"taxonomy":"product_tag","embeddable":true,"href":"https:\/\/actionmall.act.at\/shop\/132\/wp-json\/wp\/v2\/product_tag?post=494"}],"curies":[{"name":"wp","href":"https:\/\/api.w.org\/{rel}","templated":true}]}}