{"id":534,"date":"2025-12-02T12:44:27","date_gmt":"2025-12-02T11:44:27","guid":{"rendered":"https:\/\/actionmall.act.at\/shop\/1403\/?post_type=product&#038;p=534"},"modified":"2025-12-02T12:44:27","modified_gmt":"2025-12-02T11:44:27","slug":"himbeer-krapfen","status":"publish","type":"product","link":"https:\/\/actionmall.act.at\/shop\/1403\/en\/produkt\/himbeer-krapfen\/","title":{"rendered":"Himbeer Krapfen"},"content":{"rendered":"<p>Krapfen ungef\u00fcllt (WEIZENMEHL, Wasser, H\u00dcHNERVOLLEI, Backmischung (WEIZENMEHL, Zucker, EIWEISSPULVER, LACTOSE, WEIZENKLEBER, Salz, Emulgator: Mono- und Diglyceride von Speisefetts\u00e4uren; Dextrose, Glukosesirup, Verdickungsmittel: Guarkernmehl; Aroma), Sonnenblumen\u00f6l, pflanzliches \u00d6l (Raps- und Sonnenblumen\u00f6l in ver\u00e4nderlichen Gewichtsanteilen), H\u00dcHNEREIGELB, Aroma, Backhefe, Glukosesirup, nat\u00fcrliches Aroma), Glasur wei\u00df (Zucker, pflanzliche Fette (Kokosnuss, Kakaobutter), LACTOSE, MAGERMILCHPULVER, Emulgator: SOJALECITHIN; Aroma), Wasser, Zucker, Himbeerzubereitung (4,55%) (Himbeeren, Rohrzucker, Wasser), Himbeeren (4,55%), Schlagcreme auf Pflanzen\u00f6lbasis (BUTTERMILCH, pflanzliche \u00d6le (Palmfett ganz geh\u00e4rtet, Kokos, Palm), modifizierte St\u00e4rke, Emulgator: Zuckerester von Speisefetts\u00e4uren, Mono- und Diglyceride von Speisefetts\u00e4uren, SOJALECITHIN; BUTTERMILCHPULVER, Verdickungsmittel: Guarkernmehl, Johannisbrotkernmehl), Puddingpulver (Maisst\u00e4rke, Aroma, Rote R\u00fcben Pulver, Carthamus-Extrakt), VOLLMILCHPULVER, Pektin, Lebensmittelfarbe rot (Farbstoff: echtes Karmin, Paprikaextrakt), Vanilleschoten rot gemahlen, Curcuma<\/p>\n","protected":false},"excerpt":{"rendered":"<p>Unsere neuste Krapfenkreation \u2013 gef\u00fcllt mit fruchtiger Himbeerf\u00fclle und Vanillecreme, dekoriert mit rosa und wei\u00dfer Glasur. Bereits jetzt ein neuer Klassiker!<\/p>\n","protected":false},"featured_media":535,"template":"","meta":[],"product_cat":[],"product_tag":[],"class_list":{"0":"post-534","1":"product","2":"type-product","3":"status-publish","4":"has-post-thumbnail","7":"first","8":"instock","9":"taxable","10":"shipping-taxable","11":"purchasable","12":"product-type-simple"},"_links":{"self":[{"href":"https:\/\/actionmall.act.at\/shop\/1403\/en\/wp-json\/wp\/v2\/product\/534"}],"collection":[{"href":"https:\/\/actionmall.act.at\/shop\/1403\/en\/wp-json\/wp\/v2\/product"}],"about":[{"href":"https:\/\/actionmall.act.at\/shop\/1403\/en\/wp-json\/wp\/v2\/types\/product"}],"wp:featuredmedia":[{"embeddable":true,"href":"https:\/\/actionmall.act.at\/shop\/1403\/en\/wp-json\/wp\/v2\/media\/535"}],"wp:attachment":[{"href":"https:\/\/actionmall.act.at\/shop\/1403\/en\/wp-json\/wp\/v2\/media?parent=534"}],"wp:term":[{"taxonomy":"product_cat","embeddable":true,"href":"https:\/\/actionmall.act.at\/shop\/1403\/en\/wp-json\/wp\/v2\/product_cat?post=534"},{"taxonomy":"product_tag","embeddable":true,"href":"https:\/\/actionmall.act.at\/shop\/1403\/en\/wp-json\/wp\/v2\/product_tag?post=534"}],"curies":[{"name":"wp","href":"https:\/\/api.w.org\/{rel}","templated":true}]}}