{"id":596,"date":"2026-04-21T13:09:20","date_gmt":"2026-04-21T11:09:20","guid":{"rendered":"https:\/\/actionmall.act.at\/shop\/1403\/?post_type=product&#038;p=596"},"modified":"2026-04-21T13:09:20","modified_gmt":"2026-04-21T11:09:20","slug":"nussstrudel","status":"publish","type":"product","link":"https:\/\/actionmall.act.at\/shop\/1403\/en\/produkt\/nussstrudel\/","title":{"rendered":"Nussstrudel"},"content":{"rendered":"<p>WEIZENMEHL, Wasser, WALN\u00dcSSE (13,22%), Zucker, Margarine 80% Fett (pflanzliche Fette (Palm), Trinkwasser, Raps\u00f6l, Emulgator: Mono- und Diglyceride von Speisefetts\u00e4uren, Lecithin; Speisesalz, S\u00e4uerungsmittel: Zitronens\u00e4ure), BUTTER, H\u00dcHNEREIGELB, H\u00dcHNERVOLLEI, VOLLMILCHPULVER, Glukosesirup, Bienenhonig, Aroma, pflanzliches \u00d6l (Raps- und Sonnenblumen\u00f6l in ver\u00e4nderlichen Gewichtsanteilen), Backhefe, Invertzucker, H\u00dcHNERTROCKENEIWEISS, jodiertes Speisesalz (Speisesalz, Kaliumjodid), Backmittel (WEIZENMEHL, Zucker, WEIZENKLEBER, WEIZENQUELLMEHL, WEIZENMALZMEHL, Malzextrakt (GERSTENMALZ, Wasser)), Backpulver (Backtriebmittel: Diphosphate, Natriumcarbonate, Calciumsulfat; Trennmittel: Calciumcarbonat), nat\u00fcrliches Aroma, Zimt, Malzextrakt (GERSTENMALZ, Wasser)<\/p>\n","protected":false},"excerpt":{"rendered":"<p>Bei einer echten Wiener Kaffeejause ist der traditionelle Nusstrudel eigentlich gar nicht wegzudenken. Im Gegensatz zu einem Apfel- oder Topfenstrudel backen wir ihn ganz klassisch mit zartem Germteig.<br \/>\nDoch es kommt nicht nur auf die H\u00fclle, sondern vor allem auf die F\u00fclle an. Richtig saftig muss sie sein und nat\u00fcrlich mit einer besonders gro\u00dfen Portion aromatischer Waln\u00fcsse. Dann noch ein Hauch Zimt zum Verfeinern und fertig ist die gerollte K\u00f6stlichkeit.<\/p>\n","protected":false},"featured_media":0,"template":"","meta":[],"product_cat":[44],"product_tag":[],"class_list":{"0":"post-596","1":"product","2":"type-product","3":"status-publish","5":"product_cat-essen-und-trinken","7":"first","8":"instock","9":"taxable","10":"shipping-taxable","11":"purchasable","12":"product-type-simple"},"_links":{"self":[{"href":"https:\/\/actionmall.act.at\/shop\/1403\/en\/wp-json\/wp\/v2\/product\/596"}],"collection":[{"href":"https:\/\/actionmall.act.at\/shop\/1403\/en\/wp-json\/wp\/v2\/product"}],"about":[{"href":"https:\/\/actionmall.act.at\/shop\/1403\/en\/wp-json\/wp\/v2\/types\/product"}],"wp:attachment":[{"href":"https:\/\/actionmall.act.at\/shop\/1403\/en\/wp-json\/wp\/v2\/media?parent=596"}],"wp:term":[{"taxonomy":"product_cat","embeddable":true,"href":"https:\/\/actionmall.act.at\/shop\/1403\/en\/wp-json\/wp\/v2\/product_cat?post=596"},{"taxonomy":"product_tag","embeddable":true,"href":"https:\/\/actionmall.act.at\/shop\/1403\/en\/wp-json\/wp\/v2\/product_tag?post=596"}],"curies":[{"name":"wp","href":"https:\/\/api.w.org\/{rel}","templated":true}]}}