{"id":600,"date":"2026-04-21T13:16:18","date_gmt":"2026-04-21T11:16:18","guid":{"rendered":"https:\/\/actionmall.act.at\/shop\/1403\/?post_type=product&#038;p=600"},"modified":"2026-04-21T13:16:18","modified_gmt":"2026-04-21T11:16:18","slug":"dinkel-sauerteig-muffin-mit-heidelbeeren","status":"publish","type":"product","link":"https:\/\/actionmall.act.at\/shop\/1403\/en\/produkt\/dinkel-sauerteig-muffin-mit-heidelbeeren\/","title":{"rendered":"Dinkel-Sauerteig-Muffin mit Heidelbeeren"},"content":{"rendered":"<div class=\"entry-content p1\">\n<p>Ein locker-fruchtiger Genuss aus feinem Dinkel-Sauerteig und frischen Heidelbeeren \u2013 ideal f\u00fcr die Jause oder den kleinen Hunger zwischendurch.<\/p>\n<p>Die Papierverpackung unserer Muffins besteht zu 100% aus Kakaopapier, das aus der Schale der Kakaobohne gewonnen wird. Somit werden wertvolle Ressourcen geschont und die Verpackung kann im Bio-M\u00fcll entsorgt werden.<\/p>\n<p>&nbsp;<\/p>\n<\/div>\n","protected":false},"excerpt":{"rendered":"<p>Dinkelsauer (29,52%) (Wasser, DINKELMEHL (42,90%)), Heidelbeeren (19,18%), DINKELMEHL (18,54%), Zucker, pflanzliches \u00d6l (Raps- und Sonnenblumen\u00f6l in ver\u00e4nderlichen Gewichtsanteilen), H\u00dcHNERVOLLEI, BUTTER, Zitronensaft, Invertzucker, Backpulver (Backtriebmittel: Diphosphate, Natriumcarbonate, Calciumsulfat; Trennmittel: Calciumcarbonat), jodiertes Speisesalz (Speisesalz, Kaliumjodid), Backtriebmittel: Natron<\/p>\n","protected":false},"featured_media":0,"template":"","meta":[],"product_cat":[44],"product_tag":[],"class_list":{"0":"post-600","1":"product","2":"type-product","3":"status-publish","5":"product_cat-essen-und-trinken","7":"first","8":"instock","9":"taxable","10":"shipping-taxable","11":"purchasable","12":"product-type-simple"},"_links":{"self":[{"href":"https:\/\/actionmall.act.at\/shop\/1403\/en\/wp-json\/wp\/v2\/product\/600"}],"collection":[{"href":"https:\/\/actionmall.act.at\/shop\/1403\/en\/wp-json\/wp\/v2\/product"}],"about":[{"href":"https:\/\/actionmall.act.at\/shop\/1403\/en\/wp-json\/wp\/v2\/types\/product"}],"wp:attachment":[{"href":"https:\/\/actionmall.act.at\/shop\/1403\/en\/wp-json\/wp\/v2\/media?parent=600"}],"wp:term":[{"taxonomy":"product_cat","embeddable":true,"href":"https:\/\/actionmall.act.at\/shop\/1403\/en\/wp-json\/wp\/v2\/product_cat?post=600"},{"taxonomy":"product_tag","embeddable":true,"href":"https:\/\/actionmall.act.at\/shop\/1403\/en\/wp-json\/wp\/v2\/product_tag?post=600"}],"curies":[{"name":"wp","href":"https:\/\/api.w.org\/{rel}","templated":true}]}}