{"id":610,"date":"2026-04-28T13:20:40","date_gmt":"2026-04-28T11:20:40","guid":{"rendered":"https:\/\/actionmall.act.at\/shop\/1403\/?post_type=product&#038;p=610"},"modified":"2026-04-28T13:23:50","modified_gmt":"2026-04-28T11:23:50","slug":"schoko-donut","status":"publish","type":"product","link":"https:\/\/actionmall.act.at\/shop\/1403\/en\/produkt\/schoko-donut\/","title":{"rendered":"Schoko-Donut"},"content":{"rendered":"<p>WEIZENMEHL, Glasur dunkel (16,80%) (Zucker, Pflanzenfett (Kokosnuss), Kakaopulver, Kakaomasse, Emulgator: Sonnenblumenlecithin; Vanillin), Wasser, Backmischung (WEIZENMEHL, Zucker, EIWEISSPULVER, LACTOSE, WEIZENKLEBER, Salz, Emulgator: Mono- und Diglyceride von Speisefetts\u00e4uren; Dextrose, Glukosesirup, Verdickungsmittel: Guarkernmehl; Aroma), pflanzliches \u00d6l (Raps- und Sonnenblumen\u00f6l in ver\u00e4nderlichen Gewichtsanteilen), Sonnenblumen\u00f6l, H\u00dcHNERVOLLEI, H\u00dcHNEREIGELB, Persipan (Marillenkerne, Zucker, Wasser, Invertzuckersirup, Kartoffelst\u00e4rke), Aroma, Backhefe, BUTTERREINFETT, nat\u00fcrliches Aroma<\/p>\n","protected":false},"excerpt":{"rendered":"<p><img loading=\"lazy\" decoding=\"async\" class=\"alignnone size-medium wp-image-612\" src=\"https:\/\/actionmall.act.at\/shop\/1403\/wp-content\/uploads\/2026\/04\/Schoko-Donut_280-300x300.avif\" alt=\"\" width=\"300\" height=\"300\" srcset=\"https:\/\/actionmall.act.at\/shop\/1403\/wp-content\/uploads\/2026\/04\/Schoko-Donut_280-300x300.avif 300w, https:\/\/actionmall.act.at\/shop\/1403\/wp-content\/uploads\/2026\/04\/Schoko-Donut_280-150x150.avif 150w, https:\/\/actionmall.act.at\/shop\/1403\/wp-content\/uploads\/2026\/04\/Schoko-Donut_280-324x324.avif 324w, https:\/\/actionmall.act.at\/shop\/1403\/wp-content\/uploads\/2026\/04\/Schoko-Donut_280-416x416.avif 416w, https:\/\/actionmall.act.at\/shop\/1403\/wp-content\/uploads\/2026\/04\/Schoko-Donut_280-100x100.avif 100w, https:\/\/actionmall.act.at\/shop\/1403\/wp-content\/uploads\/2026\/04\/Schoko-Donut_280.avif 720w\" sizes=\"(max-width: 300px) 100vw, 300px\" \/><\/p>\n<p><img loading=\"lazy\" decoding=\"async\" class=\"alignnone size-medium wp-image-612\" src=\"https:\/\/actionmall.act.at\/shop\/1403\/wp-content\/uploads\/2026\/04\/Schoko-Donut_280-300x300.avif\" alt=\"\" width=\"300\" height=\"300\" srcset=\"https:\/\/actionmall.act.at\/shop\/1403\/wp-content\/uploads\/2026\/04\/Schoko-Donut_280-300x300.avif 300w, https:\/\/actionmall.act.at\/shop\/1403\/wp-content\/uploads\/2026\/04\/Schoko-Donut_280-150x150.avif 150w, https:\/\/actionmall.act.at\/shop\/1403\/wp-content\/uploads\/2026\/04\/Schoko-Donut_280-324x324.avif 324w, https:\/\/actionmall.act.at\/shop\/1403\/wp-content\/uploads\/2026\/04\/Schoko-Donut_280-416x416.avif 416w, https:\/\/actionmall.act.at\/shop\/1403\/wp-content\/uploads\/2026\/04\/Schoko-Donut_280-100x100.avif 100w, https:\/\/actionmall.act.at\/shop\/1403\/wp-content\/uploads\/2026\/04\/Schoko-Donut_280.avif 720w\" sizes=\"(max-width: 300px) 100vw, 300px\" \/><\/p>\n<p><img loading=\"lazy\" decoding=\"async\" class=\"alignnone size-medium wp-image-612\" src=\"https:\/\/actionmall.act.at\/shop\/1403\/wp-content\/uploads\/2026\/04\/Schoko-Donut_280-300x300.avif\" alt=\"\" width=\"300\" height=\"300\" srcset=\"https:\/\/actionmall.act.at\/shop\/1403\/wp-content\/uploads\/2026\/04\/Schoko-Donut_280-300x300.avif 300w, https:\/\/actionmall.act.at\/shop\/1403\/wp-content\/uploads\/2026\/04\/Schoko-Donut_280-150x150.avif 150w, https:\/\/actionmall.act.at\/shop\/1403\/wp-content\/uploads\/2026\/04\/Schoko-Donut_280-324x324.avif 324w, https:\/\/actionmall.act.at\/shop\/1403\/wp-content\/uploads\/2026\/04\/Schoko-Donut_280-416x416.avif 416w, https:\/\/actionmall.act.at\/shop\/1403\/wp-content\/uploads\/2026\/04\/Schoko-Donut_280-100x100.avif 100w, https:\/\/actionmall.act.at\/shop\/1403\/wp-content\/uploads\/2026\/04\/Schoko-Donut_280.avif 720w\" sizes=\"(max-width: 300px) 100vw, 300px\" \/><\/p>\n<p>&nbsp;<\/p>\n","protected":false},"featured_media":612,"template":"","meta":[],"product_cat":[44],"product_tag":[],"class_list":{"0":"post-610","1":"product","2":"type-product","3":"status-publish","4":"has-post-thumbnail","6":"product_cat-essen-und-trinken","8":"first","9":"instock","10":"taxable","11":"shipping-taxable","12":"purchasable","13":"product-type-simple"},"_links":{"self":[{"href":"https:\/\/actionmall.act.at\/shop\/1403\/en\/wp-json\/wp\/v2\/product\/610"}],"collection":[{"href":"https:\/\/actionmall.act.at\/shop\/1403\/en\/wp-json\/wp\/v2\/product"}],"about":[{"href":"https:\/\/actionmall.act.at\/shop\/1403\/en\/wp-json\/wp\/v2\/types\/product"}],"wp:featuredmedia":[{"embeddable":true,"href":"https:\/\/actionmall.act.at\/shop\/1403\/en\/wp-json\/wp\/v2\/media\/612"}],"wp:attachment":[{"href":"https:\/\/actionmall.act.at\/shop\/1403\/en\/wp-json\/wp\/v2\/media?parent=610"}],"wp:term":[{"taxonomy":"product_cat","embeddable":true,"href":"https:\/\/actionmall.act.at\/shop\/1403\/en\/wp-json\/wp\/v2\/product_cat?post=610"},{"taxonomy":"product_tag","embeddable":true,"href":"https:\/\/actionmall.act.at\/shop\/1403\/en\/wp-json\/wp\/v2\/product_tag?post=610"}],"curies":[{"name":"wp","href":"https:\/\/api.w.org\/{rel}","templated":true}]}}