{"id":454,"date":"2025-09-16T14:00:24","date_gmt":"2025-09-16T12:00:24","guid":{"rendered":"https:\/\/actionmall.act.at\/shop\/1403\/?post_type=product&#038;p=454"},"modified":"2025-09-24T18:38:17","modified_gmt":"2025-09-24T16:38:17","slug":"vegane-burger","status":"publish","type":"product","link":"https:\/\/actionmall.act.at\/shop\/1403\/produkt\/vegane-burger\/","title":{"rendered":"Vegane Burger"},"content":{"rendered":"<p>Burger Bun (WEIZENMEHL, Wasser, Backmischung (WEIZENMEHL, Kartoffelflocken, Zucker, MAGERMILCHPULVER, WEIZENMALZMEHL, Salz, SOJAMEHL, Emulgator: E481, Mono- und Diglyceride von Speisefetts\u00e4uren; WEIZENGLUTEN, Farbstoff: Beta-Carotin), Glukosesirup, pflanzliches \u00d6l (Raps- und Sonnenblumen\u00f6l in ver\u00e4nderlichen Gewichtsanteilen), Backhefe), gegrillte H\u00e4hnchenbrust (37,89%) (H\u00e4hnchenbrustfleisch, Wasser, pflanzliches \u00d6l (Raps- und Sonnenblumen\u00f6l in ver\u00e4nderlichen Gewichtsanteilen), WEIZENMEHL, Speisesalz, Gew\u00fcrze, geh\u00e4rtetes Raps\u00f6l, Gew\u00fcrzextrakte, hydrolysiertes pflanzliches Eiwei\u00df (Raps, Mais)), Paprika rot ger\u00f6stet (Paprika, Wasser, Essig, Speisesalz, Zucker), Hummus (Kichererbsen, Trinkwasser, Sonnenblumen\u00f6l, SESAM, Salz, Knoblauch, St\u00e4rke, Gew\u00fcrze, S\u00e4uerungsmittel: Zitronens\u00e4ure), Rucola, Mangop\u00fcree, Gew\u00fcrzzubereitung (Curcuma, Koriander, Bockshornklee, Ingwer, Mutterk\u00fcmmel, jodiertes Speisesalz, Maisst\u00e4rke, Cayennepfeffer)<\/p>\n","protected":false},"excerpt":{"rendered":"<p>Brioche Bun mit gegrilltem Hendl, Curryhummus, Paprika und Rucola<\/p>\n","protected":false},"featured_media":458,"template":"","meta":[],"product_cat":[],"product_tag":[],"class_list":{"0":"post-454","1":"product","2":"type-product","3":"status-publish","4":"has-post-thumbnail","7":"first","8":"instock","9":"taxable","10":"shipping-taxable","11":"purchasable","12":"product-type-simple"},"_links":{"self":[{"href":"https:\/\/actionmall.act.at\/shop\/1403\/wp-json\/wp\/v2\/product\/454"}],"collection":[{"href":"https:\/\/actionmall.act.at\/shop\/1403\/wp-json\/wp\/v2\/product"}],"about":[{"href":"https:\/\/actionmall.act.at\/shop\/1403\/wp-json\/wp\/v2\/types\/product"}],"wp:featuredmedia":[{"embeddable":true,"href":"https:\/\/actionmall.act.at\/shop\/1403\/wp-json\/wp\/v2\/media\/458"}],"wp:attachment":[{"href":"https:\/\/actionmall.act.at\/shop\/1403\/wp-json\/wp\/v2\/media?parent=454"}],"wp:term":[{"taxonomy":"product_cat","embeddable":true,"href":"https:\/\/actionmall.act.at\/shop\/1403\/wp-json\/wp\/v2\/product_cat?post=454"},{"taxonomy":"product_tag","embeddable":true,"href":"https:\/\/actionmall.act.at\/shop\/1403\/wp-json\/wp\/v2\/product_tag?post=454"}],"curies":[{"name":"wp","href":"https:\/\/api.w.org\/{rel}","templated":true}]}}