{"id":461,"date":"2025-09-16T14:06:56","date_gmt":"2025-09-16T12:06:56","guid":{"rendered":"https:\/\/actionmall.act.at\/shop\/1403\/?post_type=product&#038;p=461"},"modified":"2025-09-16T14:06:56","modified_gmt":"2025-09-16T12:06:56","slug":"sacherwuerfel","status":"publish","type":"product","link":"https:\/\/actionmall.act.at\/shop\/1403\/produkt\/sacherwuerfel\/","title":{"rendered":"Sacherw\u00fcrfel"},"content":{"rendered":"<p>Fondant (Zucker, Glukosesirup, Wasser), Marillenmarmelade 55% Fruchtanteil (Marillen, Zucker, Glukose-Fruktose-Sirup, Geliermittel: Pektin; Zitronensaftkonzentrat, Konservierungsstoff: Kaliumsorbat), Zucker, Kuvert\u00fcre dunkel (Zucker, Kakaomasse, Kakaobutter, Emulgator: SOJALECITHIN; Aroma), H\u00dcHNEREIWEISS, pflanzliches \u00d6l (Raps- und Sonnenblumen\u00f6l in ver\u00e4nderlichen Gewichtsanteilen), H\u00dcHNEREIGELB, WEIZENMEHL, Wasser, Kakaopulver, nat\u00fcrliches Zitronenaroma, Backpulver (Backtriebmittel: Diphosphate, Natriumcarbonate, Calciumsulfat; Trennmittel: Calciumcarbonat), Invertzucker, S\u00e4uerungsmittel: Zitronens\u00e4ure; Schokoladen-Logo (schwarze Schokolade mind. 70% Kakao)<\/p>\n","protected":false},"excerpt":{"rendered":"<p>Wenn feine Edelschokolade auf \u00f6sterreichische Backtradition trifft, ist der Name Sacher nicht mehr weit. Wir nehmen uns diesem Klassiker mit unseren feinen Sacherw\u00fcrfeln an.<br \/>\nDie besonders flaumige Rezeptur, bestrichen mit fruchtiger Marillenmarmelade und im dunklen Schokolademantel, begeistert alle Mehlspeisliebhaber immer wieder aufs Neue.<\/p>\n","protected":false},"featured_media":462,"template":"","meta":[],"product_cat":[],"product_tag":[],"class_list":{"0":"post-461","1":"product","2":"type-product","3":"status-publish","4":"has-post-thumbnail","7":"first","8":"instock","9":"taxable","10":"shipping-taxable","11":"purchasable","12":"product-type-simple"},"_links":{"self":[{"href":"https:\/\/actionmall.act.at\/shop\/1403\/wp-json\/wp\/v2\/product\/461"}],"collection":[{"href":"https:\/\/actionmall.act.at\/shop\/1403\/wp-json\/wp\/v2\/product"}],"about":[{"href":"https:\/\/actionmall.act.at\/shop\/1403\/wp-json\/wp\/v2\/types\/product"}],"wp:featuredmedia":[{"embeddable":true,"href":"https:\/\/actionmall.act.at\/shop\/1403\/wp-json\/wp\/v2\/media\/462"}],"wp:attachment":[{"href":"https:\/\/actionmall.act.at\/shop\/1403\/wp-json\/wp\/v2\/media?parent=461"}],"wp:term":[{"taxonomy":"product_cat","embeddable":true,"href":"https:\/\/actionmall.act.at\/shop\/1403\/wp-json\/wp\/v2\/product_cat?post=461"},{"taxonomy":"product_tag","embeddable":true,"href":"https:\/\/actionmall.act.at\/shop\/1403\/wp-json\/wp\/v2\/product_tag?post=461"}],"curies":[{"name":"wp","href":"https:\/\/api.w.org\/{rel}","templated":true}]}}