{"id":464,"date":"2025-09-16T14:12:18","date_gmt":"2025-09-16T12:12:18","guid":{"rendered":"https:\/\/actionmall.act.at\/shop\/1403\/?post_type=product&#038;p=464"},"modified":"2025-09-16T14:12:18","modified_gmt":"2025-09-16T12:12:18","slug":"laugenbrezel","status":"publish","type":"product","link":"https:\/\/actionmall.act.at\/shop\/1403\/produkt\/laugenbrezel\/","title":{"rendered":"Laugenbrezel"},"content":{"rendered":"<p>WEIZENMEHL, Wasser, Hefe, Raps\u00f6l, Salz, Traubenzucker, Emulgator: Diacetylweins\u00e4ureester von Mono- und Diglyceriden von Speisefetts\u00e4uren; WEIZENMALZMEHL, Brezenlauge, S\u00e4ureregulator: Natriumhydroxid<\/p>\n","protected":false},"excerpt":{"rendered":"<p>Der feinporige Teig und die resche Kruste mit dem einmaligen Aroma machen unsere Laugenbrezeln zum idealen Begleiter zu einem k\u00fchlen Glas Bier. Sie machen sich aber auch mit pikanten Aufstrichen oder einfach feiner Butter ganz ausgezeichnet.<\/p>\n","protected":false},"featured_media":465,"template":"","meta":[],"product_cat":[],"product_tag":[],"class_list":{"0":"post-464","1":"product","2":"type-product","3":"status-publish","4":"has-post-thumbnail","7":"first","8":"instock","9":"taxable","10":"shipping-taxable","11":"purchasable","12":"product-type-simple"},"_links":{"self":[{"href":"https:\/\/actionmall.act.at\/shop\/1403\/wp-json\/wp\/v2\/product\/464"}],"collection":[{"href":"https:\/\/actionmall.act.at\/shop\/1403\/wp-json\/wp\/v2\/product"}],"about":[{"href":"https:\/\/actionmall.act.at\/shop\/1403\/wp-json\/wp\/v2\/types\/product"}],"wp:featuredmedia":[{"embeddable":true,"href":"https:\/\/actionmall.act.at\/shop\/1403\/wp-json\/wp\/v2\/media\/465"}],"wp:attachment":[{"href":"https:\/\/actionmall.act.at\/shop\/1403\/wp-json\/wp\/v2\/media?parent=464"}],"wp:term":[{"taxonomy":"product_cat","embeddable":true,"href":"https:\/\/actionmall.act.at\/shop\/1403\/wp-json\/wp\/v2\/product_cat?post=464"},{"taxonomy":"product_tag","embeddable":true,"href":"https:\/\/actionmall.act.at\/shop\/1403\/wp-json\/wp\/v2\/product_tag?post=464"}],"curies":[{"name":"wp","href":"https:\/\/api.w.org\/{rel}","templated":true}]}}